{"id":11556,"date":"2020-10-15T11:12:47","date_gmt":"2020-10-15T11:12:47","guid":{"rendered":"https:\/\/www.segond-automobiles.com\/suzuki\/ignis-hybrid\/"},"modified":"2021-03-29T16:22:50","modified_gmt":"2021-03-29T16:22:50","slug":"ignis-hybrid","status":"publish","type":"page","link":"https:\/\/www.segond-automobiles.com\/en\/suzuki\/ignis-hybrid\/","title":{"rendered":"Ignis Hybrid"},"content":{"rendered":"<div id=\"pl-11556\"  class=\"panel-layout\" ><div id=\"pg-11556-0\"  class=\"panel-grid panel-has-style row-pave-bg-nc-wrap w50-nc-wrap h70-nc-wrap\" ><div class=\"row-pave-bg w50 h70 siteorigin-panels-stretch panel-row-style panel-row-style-for-11556-0\" data-stretch-type=\"full\" ><div id=\"pgc-11556-0-0\"  class=\"panel-grid-cell\" ><div id=\"panel-11556-0-0-0\" class=\"so-panel widget widget_widget-nc-boxes-list panel-first-child\" data-index=\"0\" ><div class=\"medium-width in-viewport-fadeInUp  panel-widget-style panel-widget-style-for-11556-0-0-0\" ><div\n\t\t\t\n\t\t\tclass=\"so-widget-widget-nc-boxes-list so-widget-widget-nc-boxes-list-base\"\n\t\t\t\n\t\t>\r\n<div class=\"nc-widget-nc-boxes-list nc-widget-nc-boxes-list-tpl-theme-spec-model\">\r\n\t\t<div class = \"nc-widget-nc-boxes-list-inner\">\r\n\t\t\t<div class=\"nc-widget-nc-box \">\r\n\t\t\t\t\t\t<div class=\"nc-widget-nc-box-title\">\r\n\t\t\t\tPower\t\t\t<\/div>\r\n\t\t\t<div class=\"nc-widget-nc-box-content\">\r\n\t\t\t\t<p>83 CV<\/p>\n\t\t\t<\/div>\r\n\t\t\t\t\t<\/div>\r\n\t\t\t\t<div class=\"nc-widget-nc-box \">\r\n\t\t\t\t\t\t<div class=\"nc-widget-nc-box-title\">\r\n\t\t\t\tConsumption\t\t\t<\/div>\r\n\t\t\t<div class=\"nc-widget-nc-box-content\">\r\n\t\t\t\t<p>5,1 \u00e0 5,6 l\/100km<\/p>\n\t\t\t<\/div>\r\n\t\t\t\t\t<\/div>\r\n\t\t\t\t<div class=\"nc-widget-nc-box \">\r\n\t\t\t\t\t\t<div class=\"nc-widget-nc-box-title\">\r\n\t\t\t\tMax. Speed\t\t\t<\/div>\r\n\t\t\t<div class=\"nc-widget-nc-box-content\">\r\n\t\t\t\t<p>165 km\/h<\/p>\n\t\t\t<\/div>\r\n\t\t\t\t\t<\/div>\r\n\t\t\t<\/div>\r\n<\/div>\r\n<\/div><\/div><\/div><div id=\"panel-11556-0-0-1\" class=\"so-panel widget widget_sow-editor panel-last-child\" data-index=\"1\" ><div class=\"medium-width bloc-encart-texte panel-widget-style panel-widget-style-for-11556-0-0-1\" ><div\n\t\t\t\n\t\t\tclass=\"so-widget-sow-editor so-widget-sow-editor-base\"\n\t\t\t\n\t\t>\n<div class=\"siteorigin-widget-tinymce textwidget\">\n\t<h1>Suzuki Ignis Hybrid: the economical, technological and stylish urban SUV<\/h1>\n<p>At 3.70 metres long, the Ignis Hybrid combines an elegant SUV look with a practical city personality. This new version is equipped with front and rear brake shoes as well as new technologies which serve to increase reliability. With a new CVT gearbox, innovative micro-hybridisation, better road grip and a contemporary restyling, this version of the Ignis Hybrid seems to have all the assets to appeal to fans of urban SUVs.<\/p>\n<\/div>\n<\/div><\/div><\/div><\/div><\/div><\/div><div id=\"pg-11556-1\"  class=\"panel-grid panel-has-style\" ><div class=\"siteorigin-panels-stretch panel-row-style panel-row-style-for-11556-1\" data-stretch-type=\"full\" ><div id=\"pgc-11556-1-0\"  class=\"panel-grid-cell\" ><div id=\"panel-11556-1-0-0\" class=\"so-panel widget widget_sow-editor panel-first-child panel-last-child\" data-index=\"2\" ><div class=\"panel-widget-style panel-widget-style-for-11556-1-0-0\" ><div\n\t\t\t\n\t\t\tclass=\"so-widget-sow-editor so-widget-sow-editor-base\"\n\t\t\t\n\t\t>\n<div class=\"siteorigin-widget-tinymce textwidget\">\n\t<div>\n<h2>The Suzuki Ignis Hybrid: compact and stylish<\/h2>\n<\/div>\n<p>Approaching the Ignis, we soon see the appeal of the new chrome grille which gives the vehicle its personality. Proudly drawn horizontal lines confirm the robustness of this vehicle. Side vents that complement the style of this rather striking city car are in full view. Protective brake shoes are now attached to the front and rear wheels; enough to raise the ground clearance. And the compact nature of the Ignis Hybrid in no way robs it of its elegance and contemporary look that are clear for all to see. The Ignis Hybrid has a surprise in store with its SUV demeanour! It might appear imposing, but it is nonetheless nimble and easy to manoeuvre. You will be surprised by its ability to weave its way around town despite its SUV style.<\/p>\n<\/div>\n<\/div><\/div><\/div><\/div><div id=\"pgc-11556-1-1\"  class=\"panel-grid-cell\" ><div id=\"panel-11556-1-1-0\" class=\"so-panel widget widget_nc-side-img panel-first-child panel-last-child\" data-index=\"3\" ><div\n\t\t\t\n\t\t\tclass=\"so-widget-nc-side-img so-widget-nc-side-img-base\"\n\t\t\t\n\t\t><div class=\"nc-widget-nc-side-img nc-widget-nc-side-img-tpl-default nc-widget-nc-side-img-\" data-sow-id=\"187812da-cc6d-4793-b15d-9cc79efe2f90\">\r\n\t<img decoding=\"async\" class=\"nc-widget-nc-side-img-img\" src=\"https:\/\/www.segond-automobiles.com\/wp-content\/uploads\/2020\/10\/Suzuki-Ignis-hybrid-11-6.jpg\" alt=\"\" \/>\r\n<\/div>\r\n<script>\r\n\tjQuery(document).ready(function($) {\r\n\t\tvar $nc_side_img = $('[data-sow-id=\"187812da-cc6d-4793-b15d-9cc79efe2f90\"]');\r\n\t\tvar $panel = $nc_side_img.closest('[class*=\"siteorigin-panels\"]');\r\n\t\t$panel.addClass('row-full-img-right');\r\n\t});\r\n<\/script><\/div><\/div><\/div><\/div><\/div><div id=\"pg-11556-2\"  class=\"panel-grid panel-has-style background-alt-nc-wrap\" ><div class=\"background-alt siteorigin-panels-stretch panel-row-style panel-row-style-for-11556-2\" data-stretch-type=\"full\" ><div id=\"pgc-11556-2-0\"  class=\"panel-grid-cell panel-grid-cell-empty\" ><\/div><\/div><\/div><div id=\"pg-11556-3\"  class=\"panel-grid panel-no-style\" ><div id=\"pgc-11556-3-0\"  class=\"panel-grid-cell\" ><div id=\"panel-11556-3-0-0\" class=\"so-panel widget widget_sow-editor panel-first-child\" data-index=\"4\" ><div\n\t\t\t\n\t\t\tclass=\"so-widget-sow-editor so-widget-sow-editor-base\"\n\t\t\t\n\t\t>\n<div class=\"siteorigin-widget-tinymce textwidget\">\n\t<h2 style=\"text-align: center;\">Let yourself be surprised by the sleek urban suv<\/h2>\n<p style=\"text-align: center;\">The comfortable connected SUV<\/p>\n<\/div>\n<\/div><\/div><div id=\"panel-11556-3-0-1\" class=\"so-panel widget widget_siteorigin-panels-builder panel-last-child\" data-index=\"5\" ><div id=\"pl-w5feb3beb56602\"  class=\"panel-layout\" ><div id=\"pg-w5feb3beb56602-0\"  class=\"panel-grid panel-no-style\" ><div id=\"pgc-w5feb3beb56602-0-0\"  class=\"panel-grid-cell\" ><div id=\"panel-w5feb3beb56602-0-0-0\" class=\"so-panel widget widget_encart-text-img-link panel-first-child panel-last-child\" data-index=\"0\" ><div class=\"bloc-margin-top in-viewport-bounceInLeft panel-widget-style panel-widget-style-for-w5feb3beb56602-0-0-0\" ><div\n\t\t\t\n\t\t\tclass=\"so-widget-encart-text-img-link so-widget-encart-text-img-link-base\"\n\t\t\t\n\t\t><div class=\"etil-block-container nc-widget-nc-encart-text-img-link-tpl-default\">\r\n\t\t\t<div class=\"etil-img\"><img decoding=\"async\" src=\"https:\/\/www.segond-automobiles.com\/wp-content\/uploads\/2020\/10\/Suzuki-Ignis-Hybrid-08.jpg\" alt=\"\" \/><\/div>\r\n\t\t<div class=\"etil-block-text\">\r\n\t\t\t<h4>Suzuki Ignis hybrid: compact and stylish<\/h4>\n<p>Inside, the space is mesmerising. Supreme comfort is guaranteed. Several storage spaces are also provided in order to optimise the vehicle's ergonomics. The boot volume, normally 267 litres, can be increased to up to 501 litres. In fact, you have full flexibility of space at the rear thanks to sliding and folding rear seats. The interior also reflects the modernity of the Ignis Hybrid. The good quality of the materials used are immediately apparent. Colours are combined with great finesse. All the controls are at your fingertips. The various functions of the vehicle are accessible via a 7-inch touchscreen that displays several navigation, connectivity and entertainment applications. Voice recognition also allows you to easily interact with the system.<\/p>\n<p><a class=\"btn btn-next btn-gris\" href=\"\/en\/suzuki\/test-drive\/\">Ask for a test drive<\/a><\/p>\n\t\t<\/div>\r\n\t\t        \r\n<\/div>\r\n<\/div><\/div><\/div><\/div><div id=\"pgc-w5feb3beb56602-0-1\"  class=\"panel-grid-cell\" ><div id=\"panel-w5feb3beb56602-0-1-0\" class=\"so-panel widget widget_encart-text-img-link panel-first-child panel-last-child\" data-index=\"1\" ><div class=\"in-viewport-bounceInRight panel-widget-style panel-widget-style-for-w5feb3beb56602-0-1-0\" ><div\n\t\t\t\n\t\t\tclass=\"so-widget-encart-text-img-link so-widget-encart-text-img-link-base\"\n\t\t\t\n\t\t><div class=\"etil-block-container nc-widget-nc-encart-text-img-link-tpl-default\">\r\n\t\t\t<div class=\"etil-img\"><img decoding=\"async\" src=\"https:\/\/www.segond-automobiles.com\/wp-content\/uploads\/2020\/10\/Suzuki-Ignis-Hybrid-interieur.jpg\" alt=\"\" \/><\/div>\r\n\t\t<div class=\"etil-block-text\">\r\n\t\t\t<div class=\"nc-bloc-reveal\"><div class=\"description-intro\"><h4>Suzuki Ignis hybrid: an urban SUV with unrivalled performance<\/h4>\n<p>The Ignis Hybrid is powered by a 1.2 DUALJET HYBRID engine with a SHVS micro-hybridisation system with a capacity of 10 Ah. This new hybrid system, Suzuki's best, stands out primarily for its ability to reduce fuel consumption. Indeed, it supports the thermal engine by recovering the kinetic energy of the vehicle in the deceleration phases.<\/p>\n<p>At the wheel, we notice the vehicle responds well, accelerating like a sports car. A CVT automatic gearbox allows you to silently move between gears.<\/p>\n<p><a class=\"btn btn-next btn-gris\" href=\"https:\/\/configurateur.suzuki.fr\/modele\/Nouvelle_Ignis\" target=\"_blank\" rel=\"noopener\">Configure your own Ignis<\/a><\/p>\n<p><\/div><button class=\"description-more\"><span>Read more<\/span><\/button><div class=\"description-content\"><\/p>\n<p>The dynamism of this hybrid is reinforced by the Allgrip Auto system, an innovation intended for the wheels to increase driving comfort. This autonomous and intelligent system of all-wheel drive allows you to travel in comfort over all terrains; even the most difficult. The reliability of this car is also ensured by the many safety features with which it is equipped. A camera is on board in order to constantly analyse the road. It allows possible dangers to be detected, such as the risk of collision and changes in trajectory. For even greater comfort and safety, the car also features:<\/p>\n<ul>\n<li>a cruise control and speed limiter<\/li>\n<li>DCBS emergency braking<\/li>\n<li>a Guide me home lighting system.<\/li>\n<\/ul>\n<p><em>NB: Note that in EURONCAP safety tests, the safety system of this car achieved a score of 5 stars.<\/em><\/p>\n<\/div><\/div>\t\t<\/div>\r\n\t\t        \r\n<\/div>\r\n<\/div><\/div><\/div><\/div><\/div><\/div><\/div><\/div><\/div><\/div>","protected":false},"excerpt":{"rendered":"<p>Suzuki Ignis Hybrid: the economical, technological and stylish urban SUV At 3.70 metres long, the Ignis Hybrid combines an elegant SUV look with a practical city personality. This new [&hellip;]<\/p>\n","protected":false},"author":3,"featured_media":0,"parent":11551,"menu_order":186,"comment_status":"closed","ping_status":"closed","template":"","meta":{"footnotes":""},"class_list":["post-11556","page","type-page","status-publish","hentry"],"yoast_head":"<!-- This site is optimized with the Yoast SEO plugin v27.4 - https:\/\/yoast.com\/product\/yoast-seo-wordpress\/ -->\n<title>Suzuki Ignis Hybrid : le SUV urbain \u00e9conomique, technologique et styl\u00e9<\/title>\n<meta name=\"description\" content=\"D\u00e9couvrez la gamme Suzuki Ignis Hybrid chez votre concessionnaire Segond Automobiles : le crossover urbain passe en mode vert !\" \/>\n<meta name=\"robots\" content=\"index, follow, max-snippet:-1, max-image-preview:large, max-video-preview:-1\" \/>\n<link rel=\"canonical\" href=\"https:\/\/www.segond-automobiles.com\/en\/suzuki\/ignis-hybrid\/\" \/>\n<meta property=\"og:locale\" content=\"en_US\" \/>\n<meta property=\"og:type\" content=\"article\" \/>\n<meta property=\"og:title\" content=\"Suzuki Ignis Hybrid : le SUV urbain \u00e9conomique, technologique et styl\u00e9\" \/>\n<meta property=\"og:description\" content=\"D\u00e9couvrez la gamme Suzuki Ignis Hybrid chez votre concessionnaire Segond Automobiles : le crossover urbain passe en mode vert !\" \/>\n<meta property=\"og:url\" content=\"https:\/\/www.segond-automobiles.com\/en\/suzuki\/ignis-hybrid\/\" \/>\n<meta property=\"og:site_name\" content=\"Segond Automobiles\" \/>\n<meta property=\"article:publisher\" content=\"https:\/\/www.facebook.com\/groupesegondautomobiles\" \/>\n<meta property=\"article:modified_time\" content=\"2021-03-29T16:22:50+00:00\" \/>\n<meta property=\"og:image\" content=\"https:\/\/www.segond-automobiles.com\/wp-content\/uploads\/2023\/05\/new-logo-segond-automobiles-blanc-rouge.png\" \/>\n\t<meta property=\"og:image:width\" content=\"321\" \/>\n\t<meta property=\"og:image:height\" content=\"120\" \/>\n\t<meta property=\"og:image:type\" content=\"image\/png\" \/>\n<meta name=\"twitter:card\" content=\"summary_large_image\" \/>\n<meta name=\"twitter:label1\" content=\"Est. reading time\" \/>\n\t<meta name=\"twitter:data1\" content=\"2 minutes\" \/>\n<script type=\"application\/ld+json\" class=\"yoast-schema-graph\">{\"@context\":\"https:\\\/\\\/schema.org\",\"@graph\":[{\"@type\":\"WebPage\",\"@id\":\"https:\\\/\\\/www.segond-automobiles.com\\\/en\\\/suzuki\\\/ignis-hybrid\\\/\",\"url\":\"https:\\\/\\\/www.segond-automobiles.com\\\/en\\\/suzuki\\\/ignis-hybrid\\\/\",\"name\":\"Suzuki Ignis Hybrid : le SUV urbain \u00e9conomique, technologique et styl\u00e9\",\"isPartOf\":{\"@id\":\"https:\\\/\\\/www.segond-automobiles.com\\\/en\\\/#website\"},\"datePublished\":\"2020-10-15T11:12:47+00:00\",\"dateModified\":\"2021-03-29T16:22:50+00:00\",\"description\":\"D\u00e9couvrez la gamme Suzuki Ignis Hybrid chez votre concessionnaire Segond Automobiles : le crossover urbain passe en mode vert !\",\"breadcrumb\":{\"@id\":\"https:\\\/\\\/www.segond-automobiles.com\\\/en\\\/suzuki\\\/ignis-hybrid\\\/#breadcrumb\"},\"inLanguage\":\"en-US\",\"potentialAction\":[{\"@type\":\"ReadAction\",\"target\":[\"https:\\\/\\\/www.segond-automobiles.com\\\/en\\\/suzuki\\\/ignis-hybrid\\\/\"]}]},{\"@type\":\"BreadcrumbList\",\"@id\":\"https:\\\/\\\/www.segond-automobiles.com\\\/en\\\/suzuki\\\/ignis-hybrid\\\/#breadcrumb\",\"itemListElement\":[{\"@type\":\"ListItem\",\"position\":1,\"name\":\"Accueil\",\"item\":\"https:\\\/\\\/www.segond-automobiles.com\\\/en\\\/\"},{\"@type\":\"ListItem\",\"position\":2,\"name\":\"Suzuki\",\"item\":\"https:\\\/\\\/www.segond-automobiles.com\\\/en\\\/suzuki\\\/\"},{\"@type\":\"ListItem\",\"position\":3,\"name\":\"Ignis Hybrid\"}]},{\"@type\":\"WebSite\",\"@id\":\"https:\\\/\\\/www.segond-automobiles.com\\\/en\\\/#website\",\"url\":\"https:\\\/\\\/www.segond-automobiles.com\\\/en\\\/\",\"name\":\"Segond Automobiles\",\"description\":\"\",\"publisher\":{\"@id\":\"https:\\\/\\\/www.segond-automobiles.com\\\/en\\\/#organization\"},\"potentialAction\":[{\"@type\":\"SearchAction\",\"target\":{\"@type\":\"EntryPoint\",\"urlTemplate\":\"https:\\\/\\\/www.segond-automobiles.com\\\/en\\\/?s={search_term_string}\"},\"query-input\":{\"@type\":\"PropertyValueSpecification\",\"valueRequired\":true,\"valueName\":\"search_term_string\"}}],\"inLanguage\":\"en-US\"},{\"@type\":\"Organization\",\"@id\":\"https:\\\/\\\/www.segond-automobiles.com\\\/en\\\/#organization\",\"name\":\"Segond Automobiles\",\"url\":\"https:\\\/\\\/www.segond-automobiles.com\\\/en\\\/\",\"logo\":{\"@type\":\"ImageObject\",\"inLanguage\":\"en-US\",\"@id\":\"https:\\\/\\\/www.segond-automobiles.com\\\/en\\\/#\\\/schema\\\/logo\\\/image\\\/\",\"url\":\"https:\\\/\\\/www.segond-automobiles.com\\\/wp-content\\\/uploads\\\/2020\\\/12\\\/logo_Segond.png\",\"contentUrl\":\"https:\\\/\\\/www.segond-automobiles.com\\\/wp-content\\\/uploads\\\/2020\\\/12\\\/logo_Segond.png\",\"width\":159,\"height\":79,\"caption\":\"Segond Automobiles\"},\"image\":{\"@id\":\"https:\\\/\\\/www.segond-automobiles.com\\\/en\\\/#\\\/schema\\\/logo\\\/image\\\/\"},\"sameAs\":[\"https:\\\/\\\/www.facebook.com\\\/groupesegondautomobiles\",\"https:\\\/\\\/www.instagram.com\\\/groupesegondautomobiles\\\/\",\"https:\\\/\\\/www.linkedin.com\\\/company\\\/groupe-segond-automobiles\\\/\",\"https:\\\/\\\/www.youtube.com\\\/channel\\\/UCmyIrWpILerz0P3Ev_75pOQ\\\/featured\"]}]}<\/script>\n<!-- \/ Yoast SEO plugin. -->","yoast_head_json":{"title":"Suzuki Ignis Hybrid : le SUV urbain \u00e9conomique, technologique et styl\u00e9","description":"D\u00e9couvrez la gamme Suzuki Ignis Hybrid chez votre concessionnaire Segond Automobiles : le crossover urbain passe en mode vert !","robots":{"index":"index","follow":"follow","max-snippet":"max-snippet:-1","max-image-preview":"max-image-preview:large","max-video-preview":"max-video-preview:-1"},"canonical":"https:\/\/www.segond-automobiles.com\/en\/suzuki\/ignis-hybrid\/","og_locale":"en_US","og_type":"article","og_title":"Suzuki Ignis Hybrid : le SUV urbain \u00e9conomique, technologique et styl\u00e9","og_description":"D\u00e9couvrez la gamme Suzuki Ignis Hybrid chez votre concessionnaire Segond Automobiles : le crossover urbain passe en mode vert !","og_url":"https:\/\/www.segond-automobiles.com\/en\/suzuki\/ignis-hybrid\/","og_site_name":"Segond Automobiles","article_publisher":"https:\/\/www.facebook.com\/groupesegondautomobiles","article_modified_time":"2021-03-29T16:22:50+00:00","og_image":[{"width":321,"height":120,"url":"https:\/\/www.segond-automobiles.com\/wp-content\/uploads\/2023\/05\/new-logo-segond-automobiles-blanc-rouge.png","type":"image\/png"}],"twitter_card":"summary_large_image","twitter_misc":{"Est. reading time":"2 minutes"},"schema":{"@context":"https:\/\/schema.org","@graph":[{"@type":"WebPage","@id":"https:\/\/www.segond-automobiles.com\/en\/suzuki\/ignis-hybrid\/","url":"https:\/\/www.segond-automobiles.com\/en\/suzuki\/ignis-hybrid\/","name":"Suzuki Ignis Hybrid : le SUV urbain \u00e9conomique, technologique et styl\u00e9","isPartOf":{"@id":"https:\/\/www.segond-automobiles.com\/en\/#website"},"datePublished":"2020-10-15T11:12:47+00:00","dateModified":"2021-03-29T16:22:50+00:00","description":"D\u00e9couvrez la gamme Suzuki Ignis Hybrid chez votre concessionnaire Segond Automobiles : le crossover urbain passe en mode vert !","breadcrumb":{"@id":"https:\/\/www.segond-automobiles.com\/en\/suzuki\/ignis-hybrid\/#breadcrumb"},"inLanguage":"en-US","potentialAction":[{"@type":"ReadAction","target":["https:\/\/www.segond-automobiles.com\/en\/suzuki\/ignis-hybrid\/"]}]},{"@type":"BreadcrumbList","@id":"https:\/\/www.segond-automobiles.com\/en\/suzuki\/ignis-hybrid\/#breadcrumb","itemListElement":[{"@type":"ListItem","position":1,"name":"Accueil","item":"https:\/\/www.segond-automobiles.com\/en\/"},{"@type":"ListItem","position":2,"name":"Suzuki","item":"https:\/\/www.segond-automobiles.com\/en\/suzuki\/"},{"@type":"ListItem","position":3,"name":"Ignis Hybrid"}]},{"@type":"WebSite","@id":"https:\/\/www.segond-automobiles.com\/en\/#website","url":"https:\/\/www.segond-automobiles.com\/en\/","name":"Segond Automobiles","description":"","publisher":{"@id":"https:\/\/www.segond-automobiles.com\/en\/#organization"},"potentialAction":[{"@type":"SearchAction","target":{"@type":"EntryPoint","urlTemplate":"https:\/\/www.segond-automobiles.com\/en\/?s={search_term_string}"},"query-input":{"@type":"PropertyValueSpecification","valueRequired":true,"valueName":"search_term_string"}}],"inLanguage":"en-US"},{"@type":"Organization","@id":"https:\/\/www.segond-automobiles.com\/en\/#organization","name":"Segond Automobiles","url":"https:\/\/www.segond-automobiles.com\/en\/","logo":{"@type":"ImageObject","inLanguage":"en-US","@id":"https:\/\/www.segond-automobiles.com\/en\/#\/schema\/logo\/image\/","url":"https:\/\/www.segond-automobiles.com\/wp-content\/uploads\/2020\/12\/logo_Segond.png","contentUrl":"https:\/\/www.segond-automobiles.com\/wp-content\/uploads\/2020\/12\/logo_Segond.png","width":159,"height":79,"caption":"Segond Automobiles"},"image":{"@id":"https:\/\/www.segond-automobiles.com\/en\/#\/schema\/logo\/image\/"},"sameAs":["https:\/\/www.facebook.com\/groupesegondautomobiles","https:\/\/www.instagram.com\/groupesegondautomobiles\/","https:\/\/www.linkedin.com\/company\/groupe-segond-automobiles\/","https:\/\/www.youtube.com\/channel\/UCmyIrWpILerz0P3Ev_75pOQ\/featured"]}]}},"_links":{"self":[{"href":"https:\/\/www.segond-automobiles.com\/en\/wp-json\/wp\/v2\/pages\/11556","targetHints":{"allow":["GET"]}}],"collection":[{"href":"https:\/\/www.segond-automobiles.com\/en\/wp-json\/wp\/v2\/pages"}],"about":[{"href":"https:\/\/www.segond-automobiles.com\/en\/wp-json\/wp\/v2\/types\/page"}],"author":[{"embeddable":true,"href":"https:\/\/www.segond-automobiles.com\/en\/wp-json\/wp\/v2\/users\/3"}],"replies":[{"embeddable":true,"href":"https:\/\/www.segond-automobiles.com\/en\/wp-json\/wp\/v2\/comments?post=11556"}],"version-history":[{"count":6,"href":"https:\/\/www.segond-automobiles.com\/en\/wp-json\/wp\/v2\/pages\/11556\/revisions"}],"predecessor-version":[{"id":20863,"href":"https:\/\/www.segond-automobiles.com\/en\/wp-json\/wp\/v2\/pages\/11556\/revisions\/20863"}],"up":[{"embeddable":true,"href":"https:\/\/www.segond-automobiles.com\/en\/wp-json\/wp\/v2\/pages\/11551"}],"wp:attachment":[{"href":"https:\/\/www.segond-automobiles.com\/en\/wp-json\/wp\/v2\/media?parent=11556"}],"curies":[{"name":"wp","href":"https:\/\/api.w.org\/{rel}","templated":true}]}}