{"id":11565,"date":"2020-10-15T14:00:36","date_gmt":"2020-10-15T14:00:36","guid":{"rendered":"https:\/\/www.segond-automobiles.com\/suzuki\/swift-sport-hybrid\/"},"modified":"2021-01-06T11:39:31","modified_gmt":"2021-01-06T11:39:31","slug":"swift-sport-hybrid","status":"publish","type":"page","link":"https:\/\/www.segond-automobiles.com\/en\/suzuki\/swift-sport-hybrid\/","title":{"rendered":"Swift Sport Hybrid"},"content":{"rendered":"<div id=\"pl-11565\"  class=\"panel-layout\" ><div id=\"pg-11565-0\"  class=\"panel-grid panel-has-style row-pave-bg-nc-wrap w50-nc-wrap h70-nc-wrap\" ><div class=\"row-pave-bg w50 h70 siteorigin-panels-stretch panel-row-style panel-row-style-for-11565-0\" data-stretch-type=\"full\" ><div id=\"pgc-11565-0-0\"  class=\"panel-grid-cell\" ><div id=\"panel-11565-0-0-0\" class=\"so-panel widget widget_widget-nc-boxes-list panel-first-child\" data-index=\"0\" ><div class=\"medium-width in-viewport-fadeInUp  panel-widget-style panel-widget-style-for-11565-0-0-0\" ><div\n\t\t\t\n\t\t\tclass=\"so-widget-widget-nc-boxes-list so-widget-widget-nc-boxes-list-base\"\n\t\t\t\n\t\t>\r\n<div class=\"nc-widget-nc-boxes-list nc-widget-nc-boxes-list-tpl-theme-spec-model\">\r\n\t\t<div class = \"nc-widget-nc-boxes-list-inner\">\r\n\t\t\t<div class=\"nc-widget-nc-box \">\r\n\t\t\t\t\t\t<div class=\"nc-widget-nc-box-title\">\r\n\t\t\t\tPower\t\t\t<\/div>\r\n\t\t\t<div class=\"nc-widget-nc-box-content\">\r\n\t\t\t\t<p>129 CV<\/p>\n\t\t\t<\/div>\r\n\t\t\t\t\t<\/div>\r\n\t\t\t\t<div class=\"nc-widget-nc-box \">\r\n\t\t\t\t\t\t<div class=\"nc-widget-nc-box-title\">\r\n\t\t\t\tConsumption\t\t\t<\/div>\r\n\t\t\t<div class=\"nc-widget-nc-box-content\">\r\n\t\t\t\t<p>4,7 l\/100km<\/p>\n\t\t\t<\/div>\r\n\t\t\t\t\t<\/div>\r\n\t\t\t\t<div class=\"nc-widget-nc-box \">\r\n\t\t\t\t\t\t<div class=\"nc-widget-nc-box-title\">\r\n\t\t\t\tMax. Speed\t\t\t<\/div>\r\n\t\t\t<div class=\"nc-widget-nc-box-content\">\r\n\t\t\t\t<p>210 km\/h<\/p>\n\t\t\t<\/div>\r\n\t\t\t\t\t<\/div>\r\n\t\t\t<\/div>\r\n<\/div>\r\n<\/div><\/div><\/div><div id=\"panel-11565-0-0-1\" class=\"so-panel widget widget_sow-editor panel-last-child\" data-index=\"1\" ><div class=\"medium-width bloc-encart-texte panel-widget-style panel-widget-style-for-11565-0-0-1\" ><div\n\t\t\t\n\t\t\tclass=\"so-widget-sow-editor so-widget-sow-editor-base\"\n\t\t\t\n\t\t>\n<div class=\"siteorigin-widget-tinymce textwidget\">\n\t<h1>Suzuki Swift Sport Hybrid: an efficient, technological and economical sports city car<\/h1>\n<p>With a dynamism worthy of sports cars, the new Suzuki Swift Sport Hybrid comes with a new hybrid system for improved performance and economy. It incorporates several technologies that make it even more efficient. The general appearance of the vehicle portrays the restless character of the vehicle. Being on the track with the Swift Sport Hybrid is a great feeling thanks to its very assertive acceleration and thrust. At the wheel, you soon discover that this little miracle stays true to its name.<\/p>\n<\/div>\n<\/div><\/div><\/div><\/div><\/div><\/div><div id=\"pg-11565-1\"  class=\"panel-grid panel-has-style background-alt-nc-wrap\" ><div class=\"background-alt siteorigin-panels-stretch panel-row-style panel-row-style-for-11565-1\" data-stretch-type=\"full\" ><div id=\"pgc-11565-1-0\"  class=\"panel-grid-cell\" ><!-- not cached-nc_news_lite-widget --><div id=\"panel-11565-1-0-0\" class=\"so-panel widget widget_netconcept_news_lite net-concept-news-lite panel-first-child panel-last-child\" data-index=\"2\" ><div class=\"widget-title\">The latest Suzuki Swift models available<\/div><div class=\"bloc-slider-wrapper\"><div class=\"list_items list-nc-vehicules  bloc-slider swiper-container\" data-pagination=\"1\"  data-navigation=\"0\"  data-json='{\"loop\":false,\"autoplay\":{\"delay\":5000},\"slidesPerView\":3,\"spaceBetween\":30,\"slidesPerGroup\":3,\"breakpoints\":{\"580\":{\"slidesPerView\":1,\"slidesPerGroup\":1,\"autoplay\":{\"delay\":3000}},\"1024\":{\"slidesPerView\":2,\"slidesPerGroup\":2,\"autoplay\":{\"delay\":4000}}}}'><ul class=\"slides-container swiper-wrapper\"><li class=\"slide-container swiper-slide\"><div class=\"nc-vehicule-wrapper\" id=\"nc-vehicule-49269\"><a href=https:\/\/www.segond-automobiles.com\/en\/vehicles\/suzuki\/swift\/6008571-suzuki-swift-1-2-dualjet-hybrid-allgrip\/ class=\"nc-vehicule\" target=\"_blank\"><div class=\"nc-vehicule-visuel\"><img decoding=\"async\" class=\"image-annonce\" src=\"https:\/\/photos.crm360.nextlane.com\/1776639600\/photo\/1323\/1\/857_1.jpg\" alt=\"\" loading=\"lazy\" width=\"402\" \/>   <div class=\"nc-vehicule-type-annonce vo\">Used<\/div><\/div><div class=\"nc-vehicule-details\"><div class=\"nc-vehicule-marque\">SUZUKI<\/div><div class=\"nc-vehicule-modele\">SWIFT 1.2 DUALJET HYBRID ALLGRIP<\/div><div class=\"nc-vehicule-footer\"><div class=\"nc-vehicule-prix\">17 900 &euro;<\/div><\/div><\/div><\/a><\/div><\/li><li class=\"slide-container swiper-slide\"><div class=\"nc-vehicule-wrapper\" id=\"nc-vehicule-48357\"><a href=https:\/\/www.segond-automobiles.com\/en\/vehicles\/suzuki\/swift\/6006262-suzuki-swift-1-2-dualjet-hybrid-allgrip\/ class=\"nc-vehicule\" target=\"_blank\"><div class=\"nc-vehicule-visuel\"><img decoding=\"async\" class=\"image-annonce\" src=\"https:\/\/photos.crm360.nextlane.com\/1775516400\/photo\/1323\/2\/626_1.jpg\" alt=\"\" loading=\"lazy\" width=\"402\" \/>   <div class=\"nc-vehicule-type-annonce vd\">Demonstration<\/div><\/div><div class=\"nc-vehicule-details\"><div class=\"nc-vehicule-marque\">SUZUKI<\/div><div class=\"nc-vehicule-modele\">SWIFT 1.2 DUALJET HYBRID ALLGRIP<\/div><div class=\"nc-vehicule-footer\"><div class=\"nc-vehicule-prix\">22 460 &euro;<\/div><\/div><\/div><\/a><\/div><\/li><\/ul><\/div><\/div><div class=\"allnews\"><a class=\"btn btn-gris btn-next\" href=\"https:\/\/www.segond-automobiles.com\/en\/vehicles\/suzuki\/?modele=1034\" title=\"All our models\">All our models<\/a><\/div><\/div><!-- \/not cached-nc_news_lite-widget --><\/div><\/div><\/div><div id=\"pg-11565-2\"  class=\"panel-grid panel-has-style\" ><div class=\"siteorigin-panels-stretch panel-row-style panel-row-style-for-11565-2\" data-stretch-type=\"full\" ><div id=\"pgc-11565-2-0\"  class=\"panel-grid-cell\" ><div id=\"panel-11565-2-0-0\" class=\"so-panel widget widget_sow-editor panel-first-child panel-last-child\" data-index=\"3\" ><div class=\"panel-widget-style panel-widget-style-for-11565-2-0-0\" ><div\n\t\t\t\n\t\t\tclass=\"so-widget-sow-editor so-widget-sow-editor-base\"\n\t\t\t\n\t\t>\n<div class=\"siteorigin-widget-tinymce textwidget\">\n\t<h3>Suzuki Swift sport: a stylish city car rich in equipment<\/h3>\n<p>When stationary, this car attracts attention with its authentic sporty lines. It even features a sloping bonnet that integrates into the design of the vehicle's visual appearance, proudly tailored to fit around the imposing grille. The broad shoulders that adorn the rear of the car are no less eye-catching. Inside, we discover a very modern interior. Red trims and bands installed along the dashboard instantly remind you of this city car's sporty character.<\/p>\n<\/div>\n<\/div><\/div><\/div><\/div><div id=\"pgc-11565-2-1\"  class=\"panel-grid-cell\" ><div id=\"panel-11565-2-1-0\" class=\"so-panel widget widget_nc-side-img panel-first-child panel-last-child\" data-index=\"4\" ><div\n\t\t\t\n\t\t\tclass=\"so-widget-nc-side-img so-widget-nc-side-img-base\"\n\t\t\t\n\t\t><div class=\"nc-widget-nc-side-img nc-widget-nc-side-img-tpl-default nc-widget-nc-side-img-\" data-sow-id=\"187812da-cc6d-4793-b15d-9cc79efe2f90\">\r\n\t<img decoding=\"async\" class=\"nc-widget-nc-side-img-img\" src=\"https:\/\/www.segond-automobiles.com\/wp-content\/uploads\/2020\/10\/Suzuki-Swift-Sport-Hybrid-05-1.jpg\" alt=\"\" \/>\r\n<\/div>\r\n<script>\r\n\tjQuery(document).ready(function($) {\r\n\t\tvar $nc_side_img = $('[data-sow-id=\"187812da-cc6d-4793-b15d-9cc79efe2f90\"]');\r\n\t\tvar $panel = $nc_side_img.closest('[class*=\"siteorigin-panels\"]');\r\n\t\t$panel.addClass('row-full-img-right');\r\n\t});\r\n<\/script><\/div><\/div><\/div><\/div><\/div><div id=\"pg-11565-3\"  class=\"panel-grid panel-no-style\" ><div id=\"pgc-11565-3-0\"  class=\"panel-grid-cell\" ><div id=\"panel-11565-3-0-0\" class=\"so-panel widget widget_sow-editor panel-first-child\" data-index=\"5\" ><div\n\t\t\t\n\t\t\tclass=\"so-widget-sow-editor so-widget-sow-editor-base\"\n\t\t\t\n\t\t>\n<div class=\"siteorigin-widget-tinymce textwidget\">\n\t<h2 style=\"text-align: center;\">experience the sensations of motorsport every day<\/h2>\n<p style=\"text-align: center;\">Discover the sportiness of the new Swift Sport<\/p>\n<\/div>\n<\/div><\/div><div id=\"panel-11565-3-0-1\" class=\"so-panel widget widget_siteorigin-panels-builder panel-last-child\" data-index=\"6\" ><div id=\"pl-w5feb3c212aec8\"  class=\"panel-layout\" ><div id=\"pg-w5feb3c212aec8-0\"  class=\"panel-grid panel-no-style\" ><div id=\"pgc-w5feb3c212aec8-0-0\"  class=\"panel-grid-cell\" ><div id=\"panel-w5feb3c212aec8-0-0-0\" class=\"so-panel widget widget_encart-text-img-link panel-first-child panel-last-child\" data-index=\"0\" ><div class=\"bloc-margin-top in-viewport-bounceInLeft panel-widget-style panel-widget-style-for-w5feb3c212aec8-0-0-0\" ><div\n\t\t\t\n\t\t\tclass=\"so-widget-encart-text-img-link so-widget-encart-text-img-link-base\"\n\t\t\t\n\t\t><div class=\"etil-block-container nc-widget-nc-encart-text-img-link-tpl-default\">\r\n\t\t\t<div class=\"etil-img\"><img decoding=\"async\" src=\"https:\/\/www.segond-automobiles.com\/wp-content\/uploads\/2020\/10\/Suzuki-Swift-Sport-Hybrid-04.jpg\" alt=\"\" \/><\/div>\r\n\t\t<div class=\"etil-block-text\">\r\n\t\t\t<div class=\"nc-bloc-reveal\"><div class=\"description-intro\"><h4>Suzuki Swift Sport : a la pointe de l'innovation<\/h4>\n<p>Lower down, aluminium pedals accentuate an appealing contrast of colours. The materials used for the finish are of excellent quality. The heated bucket seats provide optimum comfort for both driver and passengers. In line with the gear stick is a tastefully integrated touchscreen.<\/p>\n<p>In terms of technology, the Suzuki Swift Sport Hybrid can boast of being a combination of equipment and a supercharged city car.<\/p>\n<p><a class=\"btn btn-next btn-gris\" href=\"\/en\/suzuki\/test-drive\/\">Ask for a test drive<\/a><\/p>\n<p><\/div><button class=\"description-more\"><span>Read more<\/span><\/button><div class=\"description-content\"><\/p>\n<p>For greater reliability and security, the vehicle also features:<\/p>\n<ul>\n<li>assisted hill start<\/li>\n<li>automatic air conditioning<\/li>\n<li>a warning system in the event of a lane change<\/li>\n<li>a blind spot sensor<\/li>\n<li>a warning system in the event of a lane crossing<\/li>\n<li>an adaptive speed regulation and limitation system<\/li>\n<li>a road sign recognition system<\/li>\n<li>an active emergency braking system<\/li>\n<li>an automatic dipped beam management system<\/li>\n<li>2 screens.<\/li>\n<\/ul>\n<p>And the list is not exhaustive when it comes to innovation. The only optional feature that Suzuki offers for this car is metallic paint. Apart from that, everything comes as standard.<\/p>\n<\/div><\/div>\t\t<\/div>\r\n\t\t        \r\n<\/div>\r\n<\/div><\/div><\/div><\/div><div id=\"pgc-w5feb3c212aec8-0-1\"  class=\"panel-grid-cell\" ><div id=\"panel-w5feb3c212aec8-0-1-0\" class=\"so-panel widget widget_encart-text-img-link panel-first-child panel-last-child\" data-index=\"1\" ><div class=\"in-viewport-bounceInRight panel-widget-style panel-widget-style-for-w5feb3c212aec8-0-1-0\" ><div\n\t\t\t\n\t\t\tclass=\"so-widget-encart-text-img-link so-widget-encart-text-img-link-base\"\n\t\t\t\n\t\t><div class=\"etil-block-container nc-widget-nc-encart-text-img-link-tpl-default\">\r\n\t\t\t<div class=\"etil-img\"><img decoding=\"async\" src=\"https:\/\/www.segond-automobiles.com\/wp-content\/uploads\/2020\/10\/Suzuki-Swift-Sport-Hybrid-02.jpg\" alt=\"\" \/><\/div>\r\n\t\t<div class=\"etil-block-text\">\r\n\t\t\t<div class=\"nc-bloc-reveal\"><div class=\"description-intro\"><h4>Suzuki Swift Sport Hybrid: a sporty city car par excellence<\/h4>\n<p>Despite a small weight increase, the new Swift Sport Hybrid maintains its agility and dynamism. And thanks to its new HEARTECT platform, its performance is even more rewarding. The vehicle is impressive with its very sporty and high quality thrust. We discover real driving comfort thanks to the powerful 1.4 BOSSTERJET engine which delivers 129 horsepower. The car soon reaches 100 km \/ h in around 8 seconds. The suspension is firm, emphasising the sportiness of the vehicle. Four discs provide effective braking even in sharp acceleration. Experience a real sporty and quiet car every day of the week!<\/p>\n<p><a class=\"btn btn-next btn-gris\" href=\"https:\/\/configurateur.suzuki.fr\/modele\/Swift_Sport\" target=\"_blank\" rel=\"noopener\">Configure your own Swift Sport<\/a><\/p>\n<p><\/div><button class=\"description-more\"><span>Read more<\/span><\/button><div class=\"description-content\"><\/p>\n<p>Its interesting innovations include a new hybrid SHVS 48V system, which enhances the vitality and reliability of this car. This system has a 48V starter-alternator and a 48V-12V converter which enable the recovery of energy from slowing down and braking. This energy is then stored in a 48V lithium-ion battery.<\/p>\n<p>Another thing to note is that the new Swift Sport is more economical and causes less environmental pollution. It achieves this thanks to the new configuration of the turbo which optimises the pressure of the injected fuel courtesy of injectors with holes on 7 sides and a discharge valve which can remain closed.<\/p>\n<\/div><\/div>\t\t<\/div>\r\n\t\t        \r\n<\/div>\r\n<\/div><\/div><\/div><\/div><\/div><\/div><\/div><\/div><\/div><\/div>","protected":false},"excerpt":{"rendered":"<p>Suzuki Swift Sport Hybrid: an efficient, technological and economical sports city car With a dynamism worthy of sports cars, the new Suzuki Swift Sport Hybrid comes with a new [&hellip;]<\/p>\n","protected":false},"author":3,"featured_media":0,"parent":11551,"menu_order":197,"comment_status":"closed","ping_status":"closed","template":"","meta":{"footnotes":""},"class_list":["post-11565","page","type-page","status-publish","hentry"],"yoast_head":"<!-- This site is optimized with the Yoast SEO plugin v27.5 - https:\/\/yoast.com\/product\/yoast-seo-wordpress\/ -->\n<title>Suzuki Swift Sport : sportive technologique et \u00e9conomique<\/title>\n<meta name=\"description\" content=\"D\u00e9couvrez la gamme Suzuki Swift Sport chez votre concessionnaire Segond Automobiles : \u00e9lectricit\u00e9 et sportivit\u00e9 pour plus de performance\" \/>\n<meta name=\"robots\" content=\"index, follow, max-snippet:-1, max-image-preview:large, max-video-preview:-1\" \/>\n<link rel=\"canonical\" href=\"https:\/\/www.segond-automobiles.com\/en\/suzuki\/swift-sport-hybrid\/\" \/>\n<meta property=\"og:locale\" content=\"en_US\" \/>\n<meta property=\"og:type\" content=\"article\" \/>\n<meta property=\"og:title\" content=\"Suzuki Swift Sport : sportive technologique et \u00e9conomique\" \/>\n<meta property=\"og:description\" content=\"D\u00e9couvrez la gamme Suzuki Swift Sport chez votre concessionnaire Segond Automobiles : \u00e9lectricit\u00e9 et sportivit\u00e9 pour plus de performance\" \/>\n<meta property=\"og:url\" content=\"https:\/\/www.segond-automobiles.com\/en\/suzuki\/swift-sport-hybrid\/\" \/>\n<meta property=\"og:site_name\" content=\"Segond Automobiles\" \/>\n<meta property=\"article:publisher\" content=\"https:\/\/www.facebook.com\/groupesegondautomobiles\" \/>\n<meta property=\"article:modified_time\" content=\"2021-01-06T11:39:31+00:00\" \/>\n<meta property=\"og:image\" content=\"https:\/\/www.segond-automobiles.com\/wp-content\/uploads\/2023\/05\/new-logo-segond-automobiles-blanc-rouge.png\" \/>\n\t<meta property=\"og:image:width\" content=\"321\" \/>\n\t<meta property=\"og:image:height\" content=\"120\" \/>\n\t<meta property=\"og:image:type\" content=\"image\/png\" \/>\n<meta name=\"twitter:card\" content=\"summary_large_image\" \/>\n<meta name=\"twitter:label1\" content=\"Est. reading time\" \/>\n\t<meta name=\"twitter:data1\" content=\"1 minute\" \/>\n<script type=\"application\/ld+json\" class=\"yoast-schema-graph\">{\"@context\":\"https:\\\/\\\/schema.org\",\"@graph\":[{\"@type\":\"WebPage\",\"@id\":\"https:\\\/\\\/www.segond-automobiles.com\\\/en\\\/suzuki\\\/swift-sport-hybrid\\\/\",\"url\":\"https:\\\/\\\/www.segond-automobiles.com\\\/en\\\/suzuki\\\/swift-sport-hybrid\\\/\",\"name\":\"Suzuki Swift Sport : sportive technologique et \u00e9conomique\",\"isPartOf\":{\"@id\":\"https:\\\/\\\/www.segond-automobiles.com\\\/en\\\/#website\"},\"datePublished\":\"2020-10-15T14:00:36+00:00\",\"dateModified\":\"2021-01-06T11:39:31+00:00\",\"description\":\"D\u00e9couvrez la gamme Suzuki Swift Sport chez votre concessionnaire Segond Automobiles : \u00e9lectricit\u00e9 et sportivit\u00e9 pour plus de performance\",\"breadcrumb\":{\"@id\":\"https:\\\/\\\/www.segond-automobiles.com\\\/en\\\/suzuki\\\/swift-sport-hybrid\\\/#breadcrumb\"},\"inLanguage\":\"en-US\",\"potentialAction\":[{\"@type\":\"ReadAction\",\"target\":[\"https:\\\/\\\/www.segond-automobiles.com\\\/en\\\/suzuki\\\/swift-sport-hybrid\\\/\"]}]},{\"@type\":\"BreadcrumbList\",\"@id\":\"https:\\\/\\\/www.segond-automobiles.com\\\/en\\\/suzuki\\\/swift-sport-hybrid\\\/#breadcrumb\",\"itemListElement\":[{\"@type\":\"ListItem\",\"position\":1,\"name\":\"Accueil\",\"item\":\"https:\\\/\\\/www.segond-automobiles.com\\\/en\\\/\"},{\"@type\":\"ListItem\",\"position\":2,\"name\":\"Suzuki\",\"item\":\"https:\\\/\\\/www.segond-automobiles.com\\\/en\\\/suzuki\\\/\"},{\"@type\":\"ListItem\",\"position\":3,\"name\":\"Swift Sport Hybrid\"}]},{\"@type\":\"WebSite\",\"@id\":\"https:\\\/\\\/www.segond-automobiles.com\\\/en\\\/#website\",\"url\":\"https:\\\/\\\/www.segond-automobiles.com\\\/en\\\/\",\"name\":\"Segond Automobiles\",\"description\":\"\",\"publisher\":{\"@id\":\"https:\\\/\\\/www.segond-automobiles.com\\\/en\\\/#organization\"},\"potentialAction\":[{\"@type\":\"SearchAction\",\"target\":{\"@type\":\"EntryPoint\",\"urlTemplate\":\"https:\\\/\\\/www.segond-automobiles.com\\\/en\\\/?s={search_term_string}\"},\"query-input\":{\"@type\":\"PropertyValueSpecification\",\"valueRequired\":true,\"valueName\":\"search_term_string\"}}],\"inLanguage\":\"en-US\"},{\"@type\":\"Organization\",\"@id\":\"https:\\\/\\\/www.segond-automobiles.com\\\/en\\\/#organization\",\"name\":\"Segond Automobiles\",\"url\":\"https:\\\/\\\/www.segond-automobiles.com\\\/en\\\/\",\"logo\":{\"@type\":\"ImageObject\",\"inLanguage\":\"en-US\",\"@id\":\"https:\\\/\\\/www.segond-automobiles.com\\\/en\\\/#\\\/schema\\\/logo\\\/image\\\/\",\"url\":\"https:\\\/\\\/www.segond-automobiles.com\\\/wp-content\\\/uploads\\\/2020\\\/12\\\/logo_Segond.png\",\"contentUrl\":\"https:\\\/\\\/www.segond-automobiles.com\\\/wp-content\\\/uploads\\\/2020\\\/12\\\/logo_Segond.png\",\"width\":159,\"height\":79,\"caption\":\"Segond Automobiles\"},\"image\":{\"@id\":\"https:\\\/\\\/www.segond-automobiles.com\\\/en\\\/#\\\/schema\\\/logo\\\/image\\\/\"},\"sameAs\":[\"https:\\\/\\\/www.facebook.com\\\/groupesegondautomobiles\",\"https:\\\/\\\/www.instagram.com\\\/groupesegondautomobiles\\\/\",\"https:\\\/\\\/www.linkedin.com\\\/company\\\/groupe-segond-automobiles\\\/\",\"https:\\\/\\\/www.youtube.com\\\/channel\\\/UCmyIrWpILerz0P3Ev_75pOQ\\\/featured\"]}]}<\/script>\n<!-- \/ Yoast SEO plugin. -->","yoast_head_json":{"title":"Suzuki Swift Sport : sportive technologique et \u00e9conomique","description":"D\u00e9couvrez la gamme Suzuki Swift Sport chez votre concessionnaire Segond Automobiles : \u00e9lectricit\u00e9 et sportivit\u00e9 pour plus de performance","robots":{"index":"index","follow":"follow","max-snippet":"max-snippet:-1","max-image-preview":"max-image-preview:large","max-video-preview":"max-video-preview:-1"},"canonical":"https:\/\/www.segond-automobiles.com\/en\/suzuki\/swift-sport-hybrid\/","og_locale":"en_US","og_type":"article","og_title":"Suzuki Swift Sport : sportive technologique et \u00e9conomique","og_description":"D\u00e9couvrez la gamme Suzuki Swift Sport chez votre concessionnaire Segond Automobiles : \u00e9lectricit\u00e9 et sportivit\u00e9 pour plus de performance","og_url":"https:\/\/www.segond-automobiles.com\/en\/suzuki\/swift-sport-hybrid\/","og_site_name":"Segond Automobiles","article_publisher":"https:\/\/www.facebook.com\/groupesegondautomobiles","article_modified_time":"2021-01-06T11:39:31+00:00","og_image":[{"width":321,"height":120,"url":"https:\/\/www.segond-automobiles.com\/wp-content\/uploads\/2023\/05\/new-logo-segond-automobiles-blanc-rouge.png","type":"image\/png"}],"twitter_card":"summary_large_image","twitter_misc":{"Est. reading time":"1 minute"},"schema":{"@context":"https:\/\/schema.org","@graph":[{"@type":"WebPage","@id":"https:\/\/www.segond-automobiles.com\/en\/suzuki\/swift-sport-hybrid\/","url":"https:\/\/www.segond-automobiles.com\/en\/suzuki\/swift-sport-hybrid\/","name":"Suzuki Swift Sport : sportive technologique et \u00e9conomique","isPartOf":{"@id":"https:\/\/www.segond-automobiles.com\/en\/#website"},"datePublished":"2020-10-15T14:00:36+00:00","dateModified":"2021-01-06T11:39:31+00:00","description":"D\u00e9couvrez la gamme Suzuki Swift Sport chez votre concessionnaire Segond Automobiles : \u00e9lectricit\u00e9 et sportivit\u00e9 pour plus de performance","breadcrumb":{"@id":"https:\/\/www.segond-automobiles.com\/en\/suzuki\/swift-sport-hybrid\/#breadcrumb"},"inLanguage":"en-US","potentialAction":[{"@type":"ReadAction","target":["https:\/\/www.segond-automobiles.com\/en\/suzuki\/swift-sport-hybrid\/"]}]},{"@type":"BreadcrumbList","@id":"https:\/\/www.segond-automobiles.com\/en\/suzuki\/swift-sport-hybrid\/#breadcrumb","itemListElement":[{"@type":"ListItem","position":1,"name":"Accueil","item":"https:\/\/www.segond-automobiles.com\/en\/"},{"@type":"ListItem","position":2,"name":"Suzuki","item":"https:\/\/www.segond-automobiles.com\/en\/suzuki\/"},{"@type":"ListItem","position":3,"name":"Swift Sport Hybrid"}]},{"@type":"WebSite","@id":"https:\/\/www.segond-automobiles.com\/en\/#website","url":"https:\/\/www.segond-automobiles.com\/en\/","name":"Segond Automobiles","description":"","publisher":{"@id":"https:\/\/www.segond-automobiles.com\/en\/#organization"},"potentialAction":[{"@type":"SearchAction","target":{"@type":"EntryPoint","urlTemplate":"https:\/\/www.segond-automobiles.com\/en\/?s={search_term_string}"},"query-input":{"@type":"PropertyValueSpecification","valueRequired":true,"valueName":"search_term_string"}}],"inLanguage":"en-US"},{"@type":"Organization","@id":"https:\/\/www.segond-automobiles.com\/en\/#organization","name":"Segond Automobiles","url":"https:\/\/www.segond-automobiles.com\/en\/","logo":{"@type":"ImageObject","inLanguage":"en-US","@id":"https:\/\/www.segond-automobiles.com\/en\/#\/schema\/logo\/image\/","url":"https:\/\/www.segond-automobiles.com\/wp-content\/uploads\/2020\/12\/logo_Segond.png","contentUrl":"https:\/\/www.segond-automobiles.com\/wp-content\/uploads\/2020\/12\/logo_Segond.png","width":159,"height":79,"caption":"Segond Automobiles"},"image":{"@id":"https:\/\/www.segond-automobiles.com\/en\/#\/schema\/logo\/image\/"},"sameAs":["https:\/\/www.facebook.com\/groupesegondautomobiles","https:\/\/www.instagram.com\/groupesegondautomobiles\/","https:\/\/www.linkedin.com\/company\/groupe-segond-automobiles\/","https:\/\/www.youtube.com\/channel\/UCmyIrWpILerz0P3Ev_75pOQ\/featured"]}]}},"_links":{"self":[{"href":"https:\/\/www.segond-automobiles.com\/en\/wp-json\/wp\/v2\/pages\/11565","targetHints":{"allow":["GET"]}}],"collection":[{"href":"https:\/\/www.segond-automobiles.com\/en\/wp-json\/wp\/v2\/pages"}],"about":[{"href":"https:\/\/www.segond-automobiles.com\/en\/wp-json\/wp\/v2\/types\/page"}],"author":[{"embeddable":true,"href":"https:\/\/www.segond-automobiles.com\/en\/wp-json\/wp\/v2\/users\/3"}],"replies":[{"embeddable":true,"href":"https:\/\/www.segond-automobiles.com\/en\/wp-json\/wp\/v2\/comments?post=11565"}],"version-history":[{"count":5,"href":"https:\/\/www.segond-automobiles.com\/en\/wp-json\/wp\/v2\/pages\/11565\/revisions"}],"predecessor-version":[{"id":16689,"href":"https:\/\/www.segond-automobiles.com\/en\/wp-json\/wp\/v2\/pages\/11565\/revisions\/16689"}],"up":[{"embeddable":true,"href":"https:\/\/www.segond-automobiles.com\/en\/wp-json\/wp\/v2\/pages\/11551"}],"wp:attachment":[{"href":"https:\/\/www.segond-automobiles.com\/en\/wp-json\/wp\/v2\/media?parent=11565"}],"curies":[{"name":"wp","href":"https:\/\/api.w.org\/{rel}","templated":true}]}}