{"id":11569,"date":"2020-10-15T12:33:29","date_gmt":"2020-10-15T12:33:29","guid":{"rendered":"https:\/\/www.segond-automobiles.com\/suzuki\/s-cross-hybrid\/"},"modified":"2021-12-16T16:27:54","modified_gmt":"2021-12-16T16:27:54","slug":"s-cross-hybrid","status":"publish","type":"page","link":"https:\/\/www.segond-automobiles.com\/en\/suzuki\/s-cross-hybrid\/","title":{"rendered":"S-cross Hybrid"},"content":{"rendered":"<div id=\"pl-11569\"  class=\"panel-layout\" ><div id=\"pg-11569-0\"  class=\"panel-grid panel-has-style row-pave-bg-nc-wrap w50-nc-wrap h70-nc-wrap\" ><div class=\"row-pave-bg w50 h70 siteorigin-panels-stretch panel-row-style panel-row-style-for-11569-0\" data-stretch-type=\"full\" ><div id=\"pgc-11569-0-0\"  class=\"panel-grid-cell\" ><div id=\"panel-11569-0-0-0\" class=\"so-panel widget widget_widget-nc-boxes-list panel-first-child\" data-index=\"0\" ><div class=\"medium-width in-viewport-fadeInUp  panel-widget-style panel-widget-style-for-11569-0-0-0\" ><div\n\t\t\t\n\t\t\tclass=\"so-widget-widget-nc-boxes-list so-widget-widget-nc-boxes-list-base\"\n\t\t\t\n\t\t>\r\n<div class=\"nc-widget-nc-boxes-list nc-widget-nc-boxes-list-tpl-theme-spec-model\">\r\n\t\t<div class = \"nc-widget-nc-boxes-list-inner\">\r\n\t\t\t<div class=\"nc-widget-nc-box \">\r\n\t\t\t\t\t\t<div class=\"nc-widget-nc-box-title\">\r\n\t\t\t\tPower\t\t\t<\/div>\r\n\t\t\t<div class=\"nc-widget-nc-box-content\">\r\n\t\t\t\t<p>129 CV<\/p>\n\t\t\t<\/div>\r\n\t\t\t\t\t<\/div>\r\n\t\t\t\t<div class=\"nc-widget-nc-box \">\r\n\t\t\t\t\t\t<div class=\"nc-widget-nc-box-title\">\r\n\t\t\t\tConsumption\t\t\t<\/div>\r\n\t\t\t<div class=\"nc-widget-nc-box-content\">\r\n\t\t\t\t<p>5.1 to 7.5 l\/100km<\/p>\n\t\t\t<\/div>\r\n\t\t\t\t\t<\/div>\r\n\t\t\t\t<div class=\"nc-widget-nc-box \">\r\n\t\t\t\t\t\t<div class=\"nc-widget-nc-box-title\">\r\n\t\t\t\tMax. Speed\t\t\t<\/div>\r\n\t\t\t<div class=\"nc-widget-nc-box-content\">\r\n\t\t\t\t<p>195 km\/h<\/p>\n\t\t\t<\/div>\r\n\t\t\t\t\t<\/div>\r\n\t\t\t<\/div>\r\n<\/div>\r\n<\/div><\/div><\/div><div id=\"panel-11569-0-0-1\" class=\"so-panel widget widget_sow-editor panel-last-child\" data-index=\"1\" ><div class=\"medium-width bloc-encart-texte panel-widget-style panel-widget-style-for-11569-0-0-1\" ><div\n\t\t\t\n\t\t\tclass=\"so-widget-sow-editor so-widget-sow-editor-base\"\n\t\t\t\n\t\t>\n<div class=\"siteorigin-widget-tinymce textwidget\">\n\t<h1>SUZUKI S-CROSS: A WELL-EQUIPPED FAMILY HYBRID SUV<\/h1>\n<p>Sharper angles and an ultra-modern light signature, these are some major developments that are immediately noticeable on the new Suzuki S-cross. This imposing family hybrid SUV is imbued with innovation both technically, mechanically and aesthetically.<\/p>\n<\/div>\n<\/div><\/div><\/div><\/div><\/div><\/div><div id=\"pg-11569-1\"  class=\"panel-grid panel-has-style background-alt-nc-wrap\" ><div class=\"background-alt siteorigin-panels-stretch panel-row-style panel-row-style-for-11569-1\" data-stretch-type=\"full\" ><div id=\"pgc-11569-1-0\"  class=\"panel-grid-cell\" ><!-- not cached-nc_news_lite-widget --><div id=\"panel-11569-1-0-0\" class=\"so-panel widget widget_netconcept_news_lite net-concept-news-lite panel-first-child panel-last-child\" data-index=\"2\" ><div class=\"widget-title\">The latest Suzuki S-Cross available<\/div><div class=\"bloc-slider-wrapper\"><div class=\"list_items list-nc-vehicules  bloc-slider swiper-container\" data-pagination=\"1\"  data-navigation=\"0\"  data-json='{\"loop\":false,\"autoplay\":{\"delay\":5000},\"slidesPerView\":3,\"spaceBetween\":30,\"slidesPerGroup\":3,\"breakpoints\":{\"580\":{\"slidesPerView\":1,\"slidesPerGroup\":1,\"autoplay\":{\"delay\":3000}},\"1024\":{\"slidesPerView\":2,\"slidesPerGroup\":2,\"autoplay\":{\"delay\":4000}}}}'><ul class=\"slides-container swiper-wrapper\"><li class=\"slide-container swiper-slide\"><div class=\"nc-vehicule-wrapper\" id=\"nc-vehicule-48826\"><a href=https:\/\/www.segond-automobiles.com\/en\/vehicles\/suzuki\/sx4\/700361-suzuki-s-cross-1-6l-ddis-allgrip-auto-tcss\/ class=\"nc-vehicule\" target=\"_blank\"><div class=\"nc-vehicule-visuel\"><img decoding=\"async\" class=\"image-annonce\" src=\"https:\/\/photos.crm360.nextlane.com\/1773097200\/photo\/1324\/1\/36_1.jpg\" alt=\"\" loading=\"lazy\" width=\"402\" \/>   <div class=\"nc-vehicule-type-annonce vo\">Used<\/div><\/div><div class=\"nc-vehicule-details\"><div class=\"nc-vehicule-marque\">SUZUKI<\/div><div class=\"nc-vehicule-modele\">S-CROSS 1.6L DDIS ALLGRIP AUTO TCSS<\/div><div class=\"nc-vehicule-footer\"><div class=\"nc-vehicule-prix\">14 900 &euro;<\/div><\/div><\/div><\/a><\/div><\/li><\/ul><\/div><\/div><div class=\"allnews\"><a class=\"btn btn-gris btn-next\" href=\"https:\/\/www.segond-automobiles.com\/en\/vehicles\/suzuki\/?modele=990\" title=\"All our models\">All our models<\/a><\/div><\/div><!-- \/not cached-nc_news_lite-widget --><\/div><\/div><\/div><div id=\"pg-11569-2\"  class=\"panel-grid panel-has-style\" ><div class=\"siteorigin-panels-stretch panel-row-style panel-row-style-for-11569-2\" data-stretch-type=\"full\" ><div id=\"pgc-11569-2-0\"  class=\"panel-grid-cell\" ><div id=\"panel-11569-2-0-0\" class=\"so-panel widget widget_sow-editor panel-first-child panel-last-child\" data-index=\"3\" ><div class=\"panel-widget-style panel-widget-style-for-11569-2-0-0\" ><div\n\t\t\t\n\t\t\tclass=\"so-widget-sow-editor so-widget-sow-editor-base\"\n\t\t\t\n\t\t>\n<div class=\"siteorigin-widget-tinymce textwidget\">\n\t<h3>Innovation in engine and equipment<\/h3>\n<p>With this new highly equipped version, the Japanese manufacturer decides to drop the competition. Great comfort can be seen inside with 5 high-quality adult seats and 430 liters of trunk to easily transport a lot of luggage. A slight hybridization is associated with a small BoosterJet thermal unit under the hood to develop good driving power. The All-grip system is also present to face difficult terrain. What about the rest? The following provides you with more details.<\/p>\n<\/div>\n<\/div><\/div><\/div><\/div><div id=\"pgc-11569-2-1\"  class=\"panel-grid-cell\" ><div id=\"panel-11569-2-1-0\" class=\"so-panel widget widget_nc-side-img panel-first-child panel-last-child\" data-index=\"4\" ><div\n\t\t\t\n\t\t\tclass=\"so-widget-nc-side-img so-widget-nc-side-img-base\"\n\t\t\t\n\t\t><div class=\"nc-widget-nc-side-img nc-widget-nc-side-img-tpl-default nc-widget-nc-side-img-\" data-sow-id=\"187812da-cc6d-4793-b15d-9cc79efe2f90\">\r\n\t<img decoding=\"async\" class=\"nc-widget-nc-side-img-img\" src=\"https:\/\/www.segond-automobiles.com\/wp-content\/uploads\/2021\/12\/Suzuki-S-CROSS-2022-1.jpg\" alt=\"\" \/>\r\n<\/div>\r\n<script>\r\n\tjQuery(document).ready(function($) {\r\n\t\tvar $nc_side_img = $('[data-sow-id=\"187812da-cc6d-4793-b15d-9cc79efe2f90\"]');\r\n\t\tvar $panel = $nc_side_img.closest('[class*=\"siteorigin-panels\"]');\r\n\t\t$panel.addClass('row-full-img-right');\r\n\t});\r\n<\/script><\/div><\/div><\/div><\/div><\/div><div id=\"pg-11569-3\"  class=\"panel-grid panel-no-style\" ><div id=\"pgc-11569-3-0\"  class=\"panel-grid-cell\" ><div id=\"panel-11569-3-0-0\" class=\"so-panel widget widget_sow-editor panel-first-child\" data-index=\"5\" ><div\n\t\t\t\n\t\t\tclass=\"so-widget-sow-editor so-widget-sow-editor-base\"\n\t\t\t\n\t\t>\n<div class=\"siteorigin-widget-tinymce textwidget\">\n\t<h2 style=\"text-align: center;\">SUZUKI S-CROSS, FAMILIES LOVE IT<\/h2>\n<p style=\"text-align: center;\">The perfect SUV for families and globetrotters<\/p>\n<\/div>\n<\/div><\/div><div id=\"panel-11569-3-0-1\" class=\"so-panel widget widget_siteorigin-panels-builder panel-last-child\" data-index=\"6\" ><div id=\"pl-w61bb1035df367\"  class=\"panel-layout\" ><div id=\"pg-w61bb1035df367-0\"  class=\"panel-grid panel-no-style\" ><div id=\"pgc-w61bb1035df367-0-0\"  class=\"panel-grid-cell\" ><div id=\"panel-w61bb1035df367-0-0-0\" class=\"so-panel widget widget_encart-text-img-link panel-first-child panel-last-child\" data-index=\"0\" ><div class=\"bloc-margin-top in-viewport-bounceInLeft panel-widget-style panel-widget-style-for-w61bb1035df367-0-0-0\" ><div\n\t\t\t\n\t\t\tclass=\"so-widget-encart-text-img-link so-widget-encart-text-img-link-base\"\n\t\t\t\n\t\t><div class=\"etil-block-container nc-widget-nc-encart-text-img-link-tpl-default\">\r\n\t\t\t<div class=\"etil-img\"><img decoding=\"async\" src=\"https:\/\/www.segond-automobiles.com\/wp-content\/uploads\/2021\/12\/Suzuki-S-CROSS-2022-2.jpg\" alt=\"\" \/><\/div>\r\n\t\t<div class=\"etil-block-text\">\r\n\t\t\t<div class=\"nc-bloc-reveal\"><div class=\"description-intro\"><h4>SUZUKI S-CROSS: THE LATEST GENERATION HYBRID S-CROSS<\/h4>\n<p>We are tempted to talk above all about the on-board equipment as it seduces with its finesse and technology. The new hybrid S-cross has a central 9-inch screen offering features such as Bluetooth, USB, voice recognition, Android Auto and Apple CarPlay. You are now entitled to parking sensors and, depending on the finish, a reversing camera and \/ or a 360 \u00b0 camera can be on board. Comfort is fully there with the dual-zone auto air conditioning. If you prefer to enjoy the ambient air, then a large panoramic sunroof gives you the necessary convenience. The presence of USB sockets in the center armrest is a plus for the user experience. The dashboard is best sculpted with high quality materials.<\/p>\n<p><a class=\"btn btn-next btn-gris\" href=\"\/en\/suzuki\/test-drive\/\">Ask for a Test drive<\/a><\/p>\n<p><\/div><button class=\"description-more\"><span>Read more<\/span><\/button><div class=\"description-content\"><\/p>\n<p>One point on which the Japanese manufacturer seems to have placed particular emphasis is the reliability of the hybrid S-cross. Optimal safety is noted with the Suzuki Safety Support which incorporates:<\/p>\n<p>\u2022 an adaptive cruise control<br \/>\n\u2022 a course correction<br \/>\n\u2022 a blind spot identification system<br \/>\n\u2022 a traffic sign detection system<br \/>\n\u2022 Lane departure warning<br \/>\n\u2022 driver vigilance alert<\/p>\n<\/div><\/div>\t\t<\/div>\r\n\t\t        \r\n<\/div>\r\n<\/div><\/div><\/div><\/div><div id=\"pgc-w61bb1035df367-0-1\"  class=\"panel-grid-cell\" ><div id=\"panel-w61bb1035df367-0-1-0\" class=\"so-panel widget widget_encart-text-img-link panel-first-child panel-last-child\" data-index=\"1\" ><div class=\"in-viewport-bounceInRight panel-widget-style panel-widget-style-for-w61bb1035df367-0-1-0\" ><div\n\t\t\t\n\t\t\tclass=\"so-widget-encart-text-img-link so-widget-encart-text-img-link-base\"\n\t\t\t\n\t\t><div class=\"etil-block-container nc-widget-nc-encart-text-img-link-tpl-default\">\r\n\t\t\t<div class=\"etil-img\"><img decoding=\"async\" src=\"https:\/\/www.segond-automobiles.com\/wp-content\/uploads\/2021\/12\/Suzuki-S-CROSS-2022-interieur.jpg\" alt=\"\" \/><\/div>\r\n\t\t<div class=\"etil-block-text\">\r\n\t\t\t<div class=\"nc-bloc-reveal\"><div class=\"description-intro\"><div>\n<h3>S-CROSS HYBRID SUV: A ROBUST AND RELIABLE FAMILY SUV<\/h3>\n<\/div>\n<p>The look of the family S-cross SUV is a marked improvement over what we knew. A grille extending to the air intake of the front bumper is required in the middle of large lights not very inclined. We notice elegant curves throughout the structure. The hood, meanwhile, takes on a much more horizontal shape, and the bow becomes taller. The more angular shape of the wheel arches adds a certain charm to the design of the vehicle. At the rear, a metal gray ski is provided to protect the rear underbody. There are rear lights better drawn in relief which are linked together via a black band with the brand's logo in the middle. The overall styling of the body shows off a rugged and powerful family SUV.<\/p>\n<p><a class=\"btn btn-next btn-gris\" href=\"https:\/\/configurateur.suzuki.fr\/modele\/S-Cross\" target=\"_blank\" rel=\"noopener\">Configure your own S-Cross<\/a><\/p>\n<p><\/div><button class=\"description-more\"><span>Read more<\/span><\/button><div class=\"description-content\"><\/p>\n<p>The power rises to 129 horses for a torque of 235 Nm thanks to a micro-hybrid engine of 48 V. Here you are entitled to a 4-cylinder turbo gasoline BoosterJet with direct injection 1.4 l associated with a light hybridization. The electrical system of this family SUV consists of a 48 V lithium-ion battery producing 10 kW and delivering an additional 53 Nm. You benefit from an all-wheel drive which ensures great reliability, especially as it is controlled by the All-grip Select system. Four (4) different modes are available on this hybrid SUV: Lock, Snow, Sport and Auto. Thanks to the ESP and the 4x4 system, the level of torque transmitted to the rear wheels is correctly adjusted.<\/p>\n<p>The new Suzuki S-cross reveals itself in a certain elegance and full of innovation to ensure you a great family driving experience. Comfort is combined with ultra-modern equipment to make it one of the best family SUVs in its range.<\/p>\n<\/div><\/div>\t\t<\/div>\r\n\t\t        \r\n<\/div>\r\n<\/div><\/div><\/div><\/div><\/div><\/div><\/div><\/div><\/div><\/div>","protected":false},"excerpt":{"rendered":"<p>SUZUKI S-CROSS: A WELL-EQUIPPED FAMILY HYBRID SUV Sharper angles and an ultra-modern light signature, these are some major developments that are immediately noticeable on the new Suzuki S-cross. This [&hellip;]<\/p>\n","protected":false},"author":3,"featured_media":0,"parent":11551,"menu_order":189,"comment_status":"closed","ping_status":"closed","template":"","meta":{"footnotes":""},"class_list":["post-11569","page","type-page","status-publish","hentry"],"yoast_head":"<!-- This site is optimized with the Yoast SEO plugin v27.4 - https:\/\/yoast.com\/product\/yoast-seo-wordpress\/ -->\n<title>Suzuki S-Cross : un baroudeur urbain \u00e9cologique au style affirm\u00e9<\/title>\n<meta name=\"description\" content=\"D\u00e9couvrez la gamme Suzuki S-Cross chez votre concessionnaire Segond Automobiles : le SUV \u00e9colo aux allures sportives et innovantes\" \/>\n<meta name=\"robots\" content=\"index, follow, max-snippet:-1, max-image-preview:large, max-video-preview:-1\" \/>\n<link rel=\"canonical\" href=\"https:\/\/www.segond-automobiles.com\/en\/suzuki\/s-cross-hybrid\/\" \/>\n<meta property=\"og:locale\" content=\"en_US\" \/>\n<meta property=\"og:type\" content=\"article\" \/>\n<meta property=\"og:title\" content=\"Suzuki S-Cross : un baroudeur urbain \u00e9cologique au style affirm\u00e9\" \/>\n<meta property=\"og:description\" content=\"D\u00e9couvrez la gamme Suzuki S-Cross chez votre concessionnaire Segond Automobiles : le SUV \u00e9colo aux allures sportives et innovantes\" \/>\n<meta property=\"og:url\" content=\"https:\/\/www.segond-automobiles.com\/en\/suzuki\/s-cross-hybrid\/\" \/>\n<meta property=\"og:site_name\" content=\"Segond Automobiles\" \/>\n<meta property=\"article:publisher\" content=\"https:\/\/www.facebook.com\/groupesegondautomobiles\" \/>\n<meta property=\"article:modified_time\" content=\"2021-12-16T16:27:54+00:00\" \/>\n<meta property=\"og:image\" content=\"https:\/\/www.segond-automobiles.com\/wp-content\/uploads\/2023\/05\/new-logo-segond-automobiles-blanc-rouge.png\" \/>\n\t<meta property=\"og:image:width\" content=\"321\" \/>\n\t<meta property=\"og:image:height\" content=\"120\" \/>\n\t<meta property=\"og:image:type\" content=\"image\/png\" \/>\n<meta name=\"twitter:card\" content=\"summary_large_image\" \/>\n<meta name=\"twitter:label1\" content=\"Est. reading time\" \/>\n\t<meta name=\"twitter:data1\" content=\"1 minute\" \/>\n<script type=\"application\/ld+json\" class=\"yoast-schema-graph\">{\"@context\":\"https:\\\/\\\/schema.org\",\"@graph\":[{\"@type\":\"WebPage\",\"@id\":\"https:\\\/\\\/www.segond-automobiles.com\\\/en\\\/suzuki\\\/s-cross-hybrid\\\/\",\"url\":\"https:\\\/\\\/www.segond-automobiles.com\\\/en\\\/suzuki\\\/s-cross-hybrid\\\/\",\"name\":\"Suzuki S-Cross : un baroudeur urbain \u00e9cologique au style affirm\u00e9\",\"isPartOf\":{\"@id\":\"https:\\\/\\\/www.segond-automobiles.com\\\/en\\\/#website\"},\"datePublished\":\"2020-10-15T12:33:29+00:00\",\"dateModified\":\"2021-12-16T16:27:54+00:00\",\"description\":\"D\u00e9couvrez la gamme Suzuki S-Cross chez votre concessionnaire Segond Automobiles : le SUV \u00e9colo aux allures sportives et innovantes\",\"breadcrumb\":{\"@id\":\"https:\\\/\\\/www.segond-automobiles.com\\\/en\\\/suzuki\\\/s-cross-hybrid\\\/#breadcrumb\"},\"inLanguage\":\"en-US\",\"potentialAction\":[{\"@type\":\"ReadAction\",\"target\":[\"https:\\\/\\\/www.segond-automobiles.com\\\/en\\\/suzuki\\\/s-cross-hybrid\\\/\"]}]},{\"@type\":\"BreadcrumbList\",\"@id\":\"https:\\\/\\\/www.segond-automobiles.com\\\/en\\\/suzuki\\\/s-cross-hybrid\\\/#breadcrumb\",\"itemListElement\":[{\"@type\":\"ListItem\",\"position\":1,\"name\":\"Accueil\",\"item\":\"https:\\\/\\\/www.segond-automobiles.com\\\/en\\\/\"},{\"@type\":\"ListItem\",\"position\":2,\"name\":\"Suzuki\",\"item\":\"https:\\\/\\\/www.segond-automobiles.com\\\/en\\\/suzuki\\\/\"},{\"@type\":\"ListItem\",\"position\":3,\"name\":\"S-cross Hybrid\"}]},{\"@type\":\"WebSite\",\"@id\":\"https:\\\/\\\/www.segond-automobiles.com\\\/en\\\/#website\",\"url\":\"https:\\\/\\\/www.segond-automobiles.com\\\/en\\\/\",\"name\":\"Segond Automobiles\",\"description\":\"\",\"publisher\":{\"@id\":\"https:\\\/\\\/www.segond-automobiles.com\\\/en\\\/#organization\"},\"potentialAction\":[{\"@type\":\"SearchAction\",\"target\":{\"@type\":\"EntryPoint\",\"urlTemplate\":\"https:\\\/\\\/www.segond-automobiles.com\\\/en\\\/?s={search_term_string}\"},\"query-input\":{\"@type\":\"PropertyValueSpecification\",\"valueRequired\":true,\"valueName\":\"search_term_string\"}}],\"inLanguage\":\"en-US\"},{\"@type\":\"Organization\",\"@id\":\"https:\\\/\\\/www.segond-automobiles.com\\\/en\\\/#organization\",\"name\":\"Segond Automobiles\",\"url\":\"https:\\\/\\\/www.segond-automobiles.com\\\/en\\\/\",\"logo\":{\"@type\":\"ImageObject\",\"inLanguage\":\"en-US\",\"@id\":\"https:\\\/\\\/www.segond-automobiles.com\\\/en\\\/#\\\/schema\\\/logo\\\/image\\\/\",\"url\":\"https:\\\/\\\/www.segond-automobiles.com\\\/wp-content\\\/uploads\\\/2020\\\/12\\\/logo_Segond.png\",\"contentUrl\":\"https:\\\/\\\/www.segond-automobiles.com\\\/wp-content\\\/uploads\\\/2020\\\/12\\\/logo_Segond.png\",\"width\":159,\"height\":79,\"caption\":\"Segond Automobiles\"},\"image\":{\"@id\":\"https:\\\/\\\/www.segond-automobiles.com\\\/en\\\/#\\\/schema\\\/logo\\\/image\\\/\"},\"sameAs\":[\"https:\\\/\\\/www.facebook.com\\\/groupesegondautomobiles\",\"https:\\\/\\\/www.instagram.com\\\/groupesegondautomobiles\\\/\",\"https:\\\/\\\/www.linkedin.com\\\/company\\\/groupe-segond-automobiles\\\/\",\"https:\\\/\\\/www.youtube.com\\\/channel\\\/UCmyIrWpILerz0P3Ev_75pOQ\\\/featured\"]}]}<\/script>\n<!-- \/ Yoast SEO plugin. -->","yoast_head_json":{"title":"Suzuki S-Cross : un baroudeur urbain \u00e9cologique au style affirm\u00e9","description":"D\u00e9couvrez la gamme Suzuki S-Cross chez votre concessionnaire Segond Automobiles : le SUV \u00e9colo aux allures sportives et innovantes","robots":{"index":"index","follow":"follow","max-snippet":"max-snippet:-1","max-image-preview":"max-image-preview:large","max-video-preview":"max-video-preview:-1"},"canonical":"https:\/\/www.segond-automobiles.com\/en\/suzuki\/s-cross-hybrid\/","og_locale":"en_US","og_type":"article","og_title":"Suzuki S-Cross : un baroudeur urbain \u00e9cologique au style affirm\u00e9","og_description":"D\u00e9couvrez la gamme Suzuki S-Cross chez votre concessionnaire Segond Automobiles : le SUV \u00e9colo aux allures sportives et innovantes","og_url":"https:\/\/www.segond-automobiles.com\/en\/suzuki\/s-cross-hybrid\/","og_site_name":"Segond Automobiles","article_publisher":"https:\/\/www.facebook.com\/groupesegondautomobiles","article_modified_time":"2021-12-16T16:27:54+00:00","og_image":[{"width":321,"height":120,"url":"https:\/\/www.segond-automobiles.com\/wp-content\/uploads\/2023\/05\/new-logo-segond-automobiles-blanc-rouge.png","type":"image\/png"}],"twitter_card":"summary_large_image","twitter_misc":{"Est. reading time":"1 minute"},"schema":{"@context":"https:\/\/schema.org","@graph":[{"@type":"WebPage","@id":"https:\/\/www.segond-automobiles.com\/en\/suzuki\/s-cross-hybrid\/","url":"https:\/\/www.segond-automobiles.com\/en\/suzuki\/s-cross-hybrid\/","name":"Suzuki S-Cross : un baroudeur urbain \u00e9cologique au style affirm\u00e9","isPartOf":{"@id":"https:\/\/www.segond-automobiles.com\/en\/#website"},"datePublished":"2020-10-15T12:33:29+00:00","dateModified":"2021-12-16T16:27:54+00:00","description":"D\u00e9couvrez la gamme Suzuki S-Cross chez votre concessionnaire Segond Automobiles : le SUV \u00e9colo aux allures sportives et innovantes","breadcrumb":{"@id":"https:\/\/www.segond-automobiles.com\/en\/suzuki\/s-cross-hybrid\/#breadcrumb"},"inLanguage":"en-US","potentialAction":[{"@type":"ReadAction","target":["https:\/\/www.segond-automobiles.com\/en\/suzuki\/s-cross-hybrid\/"]}]},{"@type":"BreadcrumbList","@id":"https:\/\/www.segond-automobiles.com\/en\/suzuki\/s-cross-hybrid\/#breadcrumb","itemListElement":[{"@type":"ListItem","position":1,"name":"Accueil","item":"https:\/\/www.segond-automobiles.com\/en\/"},{"@type":"ListItem","position":2,"name":"Suzuki","item":"https:\/\/www.segond-automobiles.com\/en\/suzuki\/"},{"@type":"ListItem","position":3,"name":"S-cross Hybrid"}]},{"@type":"WebSite","@id":"https:\/\/www.segond-automobiles.com\/en\/#website","url":"https:\/\/www.segond-automobiles.com\/en\/","name":"Segond Automobiles","description":"","publisher":{"@id":"https:\/\/www.segond-automobiles.com\/en\/#organization"},"potentialAction":[{"@type":"SearchAction","target":{"@type":"EntryPoint","urlTemplate":"https:\/\/www.segond-automobiles.com\/en\/?s={search_term_string}"},"query-input":{"@type":"PropertyValueSpecification","valueRequired":true,"valueName":"search_term_string"}}],"inLanguage":"en-US"},{"@type":"Organization","@id":"https:\/\/www.segond-automobiles.com\/en\/#organization","name":"Segond Automobiles","url":"https:\/\/www.segond-automobiles.com\/en\/","logo":{"@type":"ImageObject","inLanguage":"en-US","@id":"https:\/\/www.segond-automobiles.com\/en\/#\/schema\/logo\/image\/","url":"https:\/\/www.segond-automobiles.com\/wp-content\/uploads\/2020\/12\/logo_Segond.png","contentUrl":"https:\/\/www.segond-automobiles.com\/wp-content\/uploads\/2020\/12\/logo_Segond.png","width":159,"height":79,"caption":"Segond Automobiles"},"image":{"@id":"https:\/\/www.segond-automobiles.com\/en\/#\/schema\/logo\/image\/"},"sameAs":["https:\/\/www.facebook.com\/groupesegondautomobiles","https:\/\/www.instagram.com\/groupesegondautomobiles\/","https:\/\/www.linkedin.com\/company\/groupe-segond-automobiles\/","https:\/\/www.youtube.com\/channel\/UCmyIrWpILerz0P3Ev_75pOQ\/featured"]}]}},"_links":{"self":[{"href":"https:\/\/www.segond-automobiles.com\/en\/wp-json\/wp\/v2\/pages\/11569","targetHints":{"allow":["GET"]}}],"collection":[{"href":"https:\/\/www.segond-automobiles.com\/en\/wp-json\/wp\/v2\/pages"}],"about":[{"href":"https:\/\/www.segond-automobiles.com\/en\/wp-json\/wp\/v2\/types\/page"}],"author":[{"embeddable":true,"href":"https:\/\/www.segond-automobiles.com\/en\/wp-json\/wp\/v2\/users\/3"}],"replies":[{"embeddable":true,"href":"https:\/\/www.segond-automobiles.com\/en\/wp-json\/wp\/v2\/comments?post=11569"}],"version-history":[{"count":6,"href":"https:\/\/www.segond-automobiles.com\/en\/wp-json\/wp\/v2\/pages\/11569\/revisions"}],"predecessor-version":[{"id":23795,"href":"https:\/\/www.segond-automobiles.com\/en\/wp-json\/wp\/v2\/pages\/11569\/revisions\/23795"}],"up":[{"embeddable":true,"href":"https:\/\/www.segond-automobiles.com\/en\/wp-json\/wp\/v2\/pages\/11551"}],"wp:attachment":[{"href":"https:\/\/www.segond-automobiles.com\/en\/wp-json\/wp\/v2\/media?parent=11569"}],"curies":[{"name":"wp","href":"https:\/\/api.w.org\/{rel}","templated":true}]}}