{"id":17248,"date":"2021-01-08T11:27:49","date_gmt":"2021-01-08T11:27:49","guid":{"rendered":"https:\/\/www.segond-automobiles.com\/?page_id=17248"},"modified":"2021-04-15T16:51:29","modified_gmt":"2021-04-15T16:51:29","slug":"across-hybrid","status":"publish","type":"page","link":"https:\/\/www.segond-automobiles.com\/en\/suzuki\/across-hybrid\/","title":{"rendered":"Across Hybrid"},"content":{"rendered":"<div id=\"pl-17248\"  class=\"panel-layout\" ><div id=\"pg-17248-0\"  class=\"panel-grid panel-has-style row-pave-bg-nc-wrap w50-nc-wrap h70-nc-wrap\" ><div class=\"row-pave-bg w50 h70 siteorigin-panels-stretch panel-row-style panel-row-style-for-17248-0\" data-stretch-type=\"full\" ><div id=\"pgc-17248-0-0\"  class=\"panel-grid-cell\" ><div id=\"panel-17248-0-0-0\" class=\"so-panel widget widget_widget-nc-boxes-list panel-first-child\" data-index=\"0\" ><div class=\"medium-width in-viewport-fadeInUp  panel-widget-style panel-widget-style-for-17248-0-0-0\" ><div\n\t\t\t\n\t\t\tclass=\"so-widget-widget-nc-boxes-list so-widget-widget-nc-boxes-list-base\"\n\t\t\t\n\t\t>\r\n<div class=\"nc-widget-nc-boxes-list nc-widget-nc-boxes-list-tpl-theme-spec-model\">\r\n\t\t<div class = \"nc-widget-nc-boxes-list-inner\">\r\n\t\t\t<div class=\"nc-widget-nc-box \">\r\n\t\t\t\t\t\t<div class=\"nc-widget-nc-box-title\">\r\n\t\t\t\tPower\t\t\t<\/div>\r\n\t\t\t<div class=\"nc-widget-nc-box-content\">\r\n\t\t\t\t<p>306 CV<\/p>\n\t\t\t<\/div>\r\n\t\t\t\t\t<\/div>\r\n\t\t\t\t<div class=\"nc-widget-nc-box \">\r\n\t\t\t\t\t\t<div class=\"nc-widget-nc-box-title\">\r\n\t\t\t\tConsumption\t\t\t<\/div>\r\n\t\t\t<div class=\"nc-widget-nc-box-content\">\r\n\t\t\t\t<p>1,0 l\/100km (WLTP)<\/p>\n\t\t\t<\/div>\r\n\t\t\t\t\t<\/div>\r\n\t\t\t\t<div class=\"nc-widget-nc-box \">\r\n\t\t\t\t\t\t<div class=\"nc-widget-nc-box-title\">\r\n\t\t\t\tMax. Speed\t\t\t<\/div>\r\n\t\t\t<div class=\"nc-widget-nc-box-content\">\r\n\t\t\t\t<p>180 km\/h<\/p>\n\t\t\t<\/div>\r\n\t\t\t\t\t<\/div>\r\n\t\t\t<\/div>\r\n<\/div>\r\n<\/div><\/div><\/div><div id=\"panel-17248-0-0-1\" class=\"so-panel widget widget_sow-editor panel-last-child\" data-index=\"1\" ><div class=\"medium-width bloc-encart-texte panel-widget-style panel-widget-style-for-17248-0-0-1\" ><div\n\t\t\t\n\t\t\tclass=\"so-widget-sow-editor so-widget-sow-editor-base\"\n\t\t\t\n\t\t>\n<div class=\"siteorigin-widget-tinymce textwidget\">\n\t<h1>SUZUKI ACROSS: A WELL-EQUIPPED AND COMFORTABLE FAMILY RECHARGEABLE HYBRID SUV<\/h1>\n<p>The Suzuki Across is well built, easy going and roomy. This is no ordinary Suzuki, it is a plug-in hybrid - the brand's first. Fast, well equipped, comfortable and economical, the Suzuki Across emerges directly as one of the best plug-in hybrid SUVs on the market.<\/p>\n<\/div>\n<\/div><\/div><\/div><\/div><\/div><\/div><div id=\"pg-17248-1\"  class=\"panel-grid panel-has-style\" ><div class=\"siteorigin-panels-stretch panel-row-style panel-row-style-for-17248-1\" data-stretch-type=\"full\" ><div id=\"pgc-17248-1-0\"  class=\"panel-grid-cell\" ><div id=\"panel-17248-1-0-0\" class=\"so-panel widget widget_sow-editor panel-first-child panel-last-child\" data-index=\"2\" ><div class=\"panel-widget-style panel-widget-style-for-17248-1-0-0\" ><div\n\t\t\t\n\t\t\tclass=\"so-widget-sow-editor so-widget-sow-editor-base\"\n\t\t\t\n\t\t>\n<div class=\"siteorigin-widget-tinymce textwidget\">\n\t<h3>A plug-in hybrid SUV that is easy to use every day<\/h3>\n<p>EV (all-electric) mode is one of four available driving modes and sets the car to use only electric power - if the battery is sufficiently charged. In this mode, acceleration is accompanied only by the roar of electric motors, no other gasoline engine noise. There is also an \u201cautomatic\u201d driving mode in which the car decides when electric or gasoline power is most appropriate. Usually this means a power supply for stop-start traffic and a combination of the two power sources at higher speeds. Finally, the battery charger mode exclusively uses the gasoline engine and recharges the battery. It can even bring it back to a full charge, which is useful if you can't seem to stop and plug the car into a charger.<\/p>\n<\/div>\n<\/div><\/div><\/div><\/div><div id=\"pgc-17248-1-1\"  class=\"panel-grid-cell\" ><div id=\"panel-17248-1-1-0\" class=\"so-panel widget widget_nc-side-img panel-first-child panel-last-child\" data-index=\"3\" ><div\n\t\t\t\n\t\t\tclass=\"so-widget-nc-side-img so-widget-nc-side-img-base\"\n\t\t\t\n\t\t><div class=\"nc-widget-nc-side-img nc-widget-nc-side-img-tpl-default nc-widget-nc-side-img-\" data-sow-id=\"187812da-cc6d-4793-b15d-9cc79efe2f90\">\r\n\t<img decoding=\"async\" class=\"nc-widget-nc-side-img-img\" src=\"https:\/\/www.segond-automobiles.com\/wp-content\/uploads\/2021\/01\/Suzuki-across-1.jpg\" alt=\"\" \/>\r\n<\/div>\r\n<script>\r\n\tjQuery(document).ready(function($) {\r\n\t\tvar $nc_side_img = $('[data-sow-id=\"187812da-cc6d-4793-b15d-9cc79efe2f90\"]');\r\n\t\tvar $panel = $nc_side_img.closest('[class*=\"siteorigin-panels\"]');\r\n\t\t$panel.addClass('row-full-img-right');\r\n\t});\r\n<\/script><\/div><\/div><\/div><\/div><\/div><div id=\"pg-17248-2\"  class=\"panel-grid panel-has-style background-alt-nc-wrap\" ><div class=\"background-alt siteorigin-panels-stretch panel-row-style panel-row-style-for-17248-2\" data-stretch-type=\"full\" ><div id=\"pgc-17248-2-0\"  class=\"panel-grid-cell\" ><!-- not cached-nc_news_lite-widget --><div id=\"panel-17248-2-0-0\" class=\"so-panel widget widget_netconcept_news_lite net-concept-news-lite panel-first-child panel-last-child\" data-index=\"4\" ><\/div><!-- \/not cached-nc_news_lite-widget --><\/div><\/div><\/div><div id=\"pg-17248-3\"  class=\"panel-grid panel-no-style\" ><div id=\"pgc-17248-3-0\"  class=\"panel-grid-cell\" ><div id=\"panel-17248-3-0-0\" class=\"so-panel widget widget_sow-editor panel-first-child\" data-index=\"5\" ><div\n\t\t\t\n\t\t\tclass=\"so-widget-sow-editor so-widget-sow-editor-base\"\n\t\t\t\n\t\t>\n<div class=\"siteorigin-widget-tinymce textwidget\">\n\t<h2 style=\"text-align: center;\">A PERFORMING, COMFORTABLE AND ECONOMICAL SUV<\/h2>\n<p style=\"text-align: center;\">With its combined power of more than 300hp and a range of 75km in electric, it has everything to please<\/p>\n<\/div>\n<\/div><\/div><div id=\"panel-17248-3-0-1\" class=\"so-panel widget widget_siteorigin-panels-builder panel-last-child\" data-index=\"6\" ><div id=\"pl-w6061f7a3b1a35\"  class=\"panel-layout\" ><div id=\"pg-w6061f7a3b1a35-0\"  class=\"panel-grid panel-no-style\" ><div id=\"pgc-w6061f7a3b1a35-0-0\"  class=\"panel-grid-cell\" ><div id=\"panel-w6061f7a3b1a35-0-0-0\" class=\"so-panel widget widget_encart-text-img-link panel-first-child panel-last-child\" data-index=\"0\" ><div class=\"bloc-margin-top in-viewport-bounceInLeft panel-widget-style panel-widget-style-for-w6061f7a3b1a35-0-0-0\" ><div\n\t\t\t\n\t\t\tclass=\"so-widget-encart-text-img-link so-widget-encart-text-img-link-base\"\n\t\t\t\n\t\t><div class=\"etil-block-container nc-widget-nc-encart-text-img-link-tpl-default\">\r\n\t\t\t<div class=\"etil-img\"><img decoding=\"async\" src=\"https:\/\/www.segond-automobiles.com\/wp-content\/uploads\/2021\/01\/Suzuki-across-3.jpg\" alt=\"\" \/><\/div>\r\n\t\t<div class=\"etil-block-text\">\r\n\t\t\t<p>SUZUKI ACROSS HYBRID: A SHARP AND TECHNOLOGICAL SUV<\/p>\n<p>All this gives impressive statistics. With an 18.1 kWh battery on board, the possibility of driving entirely electric will allow you to travel 75 kilometers according to official WLTP figures. That gives more than 5 kilometers per kWh, one of the best performances in its category.<\/p>\n<p>The CO2 figures are extremely low at 22 g \/ km, which translates into an impressive tax advantage. The performance is also good with a 0 to 100km \/ m time of 6.0 seconds which once again leads the Suzuki Across to beat most of the rivals.<\/p>\n<p>The Suzuki Across does very well on all surfaces for a large plug-in hybrid SUV. The E-Four 4x4 system provides good grip on slippery winter roads, while the transition from electric to gasoline is smooth and quiet - it's a refined car and excellent build quality. In summary, the Suzuki Across is a car with great appeal and easy to use.<\/p>\n<p><a class=\"btn btn-next btn-gris\" href=\"\/en\/suzuki\/test-drive\/\">Ask for a test drive<\/a><\/p>\n\t\t<\/div>\r\n\t\t        \r\n<\/div>\r\n<\/div><\/div><\/div><\/div><div id=\"pgc-w6061f7a3b1a35-0-1\"  class=\"panel-grid-cell\" ><div id=\"panel-w6061f7a3b1a35-0-1-0\" class=\"so-panel widget widget_encart-text-img-link panel-first-child panel-last-child\" data-index=\"1\" ><div class=\"in-viewport-bounceInRight panel-widget-style panel-widget-style-for-w6061f7a3b1a35-0-1-0\" ><div\n\t\t\t\n\t\t\tclass=\"so-widget-encart-text-img-link so-widget-encart-text-img-link-base\"\n\t\t\t\n\t\t><div class=\"etil-block-container nc-widget-nc-encart-text-img-link-tpl-default\">\r\n\t\t\t<div class=\"etil-img\"><img decoding=\"async\" src=\"https:\/\/www.segond-automobiles.com\/wp-content\/uploads\/2021\/01\/Suzuki-across-2.jpg\" alt=\"\" \/><\/div>\r\n\t\t<div class=\"etil-block-text\">\r\n\t\t\t<div class=\"nc-bloc-reveal\"><div class=\"description-intro\"><h4>Suzuki Across: prethorical equipment, high level comfort and many practical aspects<\/h4>\n<p>The Suzuki Across also shines by its comfort and its interior fittings: there is a lot of space in front, in the rear and in the trunk - the latter offering 490 liters of luggage with, in addition, a shape facilitating the loading.<\/p>\n<p>The materials of the dashboard are elegant and relatively soft. The large switches on the dashboard provide very smooth handling, and the rubberized finish of the air conditioning controls adds to the rugged appeal of this SUV.<\/p>\n<p><a class=\"btn btn-next btn-gris\" href=\"https:\/\/configurateur.suzuki.fr\/modele\/across\" target=\"_blank\" rel=\"noopener\">Configure your own Across<\/a><\/p>\n<p><\/div><button class=\"description-more\"><span>Read more<\/span><\/button><div class=\"description-content\"><\/p>\n<p>The motorized hatch reveals a flat, easy-to-load floor and seats that fold down to increase trunk volume to 1,198 liters. There are also plenty of useful storage spaces inside, in front of the driver, passenger, in the doors and between the seats. And it's a car that is easy to get in and out of with wide-opening doors that also open and close perfectly well with sound that indicates real build quality.<\/p>\n<p>Also note the large exterior mirrors which give an excellent rear view and the nine-inch touch screen integrating Apple CarPlay and Android Auto connectivity.<\/p>\n<p>Standard equipment includes heated leather seats and steering wheel, LED headlights, adaptive cruise control with lane-keeping assist and a host of active and passive safety features.<\/p>\n<\/div><\/div>\t\t<\/div>\r\n\t\t        \r\n<\/div>\r\n<\/div><\/div><\/div><\/div><\/div><\/div><\/div><\/div><\/div><\/div>","protected":false},"excerpt":{"rendered":"<p>SUZUKI ACROSS: A WELL-EQUIPPED AND COMFORTABLE FAMILY RECHARGEABLE HYBRID SUV The Suzuki Across is well built, easy going and roomy. This is no ordinary Suzuki, it is a plug-in [&hellip;]<\/p>\n","protected":false},"author":3,"featured_media":0,"parent":11551,"menu_order":366,"comment_status":"closed","ping_status":"closed","template":"","meta":{"footnotes":""},"class_list":["post-17248","page","type-page","status-publish","hentry"],"yoast_head":"<!-- This site is optimized with the Yoast SEO plugin v27.4 - https:\/\/yoast.com\/product\/yoast-seo-wordpress\/ -->\n<title>Suzuki Ignis Hybrid : le SUV urbain \u00e9conomique, technologique et styl\u00e9<\/title>\n<meta name=\"description\" content=\"D\u00e9couvrez la gamme Suzuki Ignis Hybrid chez votre concessionnaire Segond Automobiles : le crossover urbain passe en mode vert !\" \/>\n<meta name=\"robots\" content=\"index, follow, max-snippet:-1, max-image-preview:large, max-video-preview:-1\" \/>\n<link rel=\"canonical\" href=\"https:\/\/www.segond-automobiles.com\/en\/suzuki\/across-hybrid\/\" \/>\n<meta property=\"og:locale\" content=\"en_US\" \/>\n<meta property=\"og:type\" content=\"article\" \/>\n<meta property=\"og:title\" content=\"Suzuki Ignis Hybrid : le SUV urbain \u00e9conomique, technologique et styl\u00e9\" \/>\n<meta property=\"og:description\" content=\"D\u00e9couvrez la gamme Suzuki Ignis Hybrid chez votre concessionnaire Segond Automobiles : le crossover urbain passe en mode vert !\" \/>\n<meta property=\"og:url\" content=\"https:\/\/www.segond-automobiles.com\/en\/suzuki\/across-hybrid\/\" \/>\n<meta property=\"og:site_name\" content=\"Segond Automobiles\" \/>\n<meta property=\"article:publisher\" content=\"https:\/\/www.facebook.com\/groupesegondautomobiles\" \/>\n<meta property=\"article:modified_time\" content=\"2021-04-15T16:51:29+00:00\" \/>\n<meta property=\"og:image\" content=\"https:\/\/www.segond-automobiles.com\/wp-content\/uploads\/2023\/05\/new-logo-segond-automobiles-blanc-rouge.png\" \/>\n\t<meta property=\"og:image:width\" content=\"321\" \/>\n\t<meta property=\"og:image:height\" content=\"120\" \/>\n\t<meta property=\"og:image:type\" content=\"image\/png\" \/>\n<meta name=\"twitter:card\" content=\"summary_large_image\" \/>\n<meta name=\"twitter:label1\" content=\"Est. reading time\" \/>\n\t<meta name=\"twitter:data1\" content=\"2 minutes\" \/>\n<script type=\"application\/ld+json\" class=\"yoast-schema-graph\">{\"@context\":\"https:\\\/\\\/schema.org\",\"@graph\":[{\"@type\":\"WebPage\",\"@id\":\"https:\\\/\\\/www.segond-automobiles.com\\\/en\\\/suzuki\\\/across-hybrid\\\/\",\"url\":\"https:\\\/\\\/www.segond-automobiles.com\\\/en\\\/suzuki\\\/across-hybrid\\\/\",\"name\":\"Suzuki Ignis Hybrid : le SUV urbain \u00e9conomique, technologique et styl\u00e9\",\"isPartOf\":{\"@id\":\"https:\\\/\\\/www.segond-automobiles.com\\\/en\\\/#website\"},\"datePublished\":\"2021-01-08T11:27:49+00:00\",\"dateModified\":\"2021-04-15T16:51:29+00:00\",\"description\":\"D\u00e9couvrez la gamme Suzuki Ignis Hybrid chez votre concessionnaire Segond Automobiles : le crossover urbain passe en mode vert !\",\"breadcrumb\":{\"@id\":\"https:\\\/\\\/www.segond-automobiles.com\\\/en\\\/suzuki\\\/across-hybrid\\\/#breadcrumb\"},\"inLanguage\":\"en-US\",\"potentialAction\":[{\"@type\":\"ReadAction\",\"target\":[\"https:\\\/\\\/www.segond-automobiles.com\\\/en\\\/suzuki\\\/across-hybrid\\\/\"]}]},{\"@type\":\"BreadcrumbList\",\"@id\":\"https:\\\/\\\/www.segond-automobiles.com\\\/en\\\/suzuki\\\/across-hybrid\\\/#breadcrumb\",\"itemListElement\":[{\"@type\":\"ListItem\",\"position\":1,\"name\":\"Accueil\",\"item\":\"https:\\\/\\\/www.segond-automobiles.com\\\/en\\\/\"},{\"@type\":\"ListItem\",\"position\":2,\"name\":\"Suzuki\",\"item\":\"https:\\\/\\\/www.segond-automobiles.com\\\/en\\\/suzuki\\\/\"},{\"@type\":\"ListItem\",\"position\":3,\"name\":\"Across Hybrid\"}]},{\"@type\":\"WebSite\",\"@id\":\"https:\\\/\\\/www.segond-automobiles.com\\\/en\\\/#website\",\"url\":\"https:\\\/\\\/www.segond-automobiles.com\\\/en\\\/\",\"name\":\"Segond Automobiles\",\"description\":\"\",\"publisher\":{\"@id\":\"https:\\\/\\\/www.segond-automobiles.com\\\/en\\\/#organization\"},\"potentialAction\":[{\"@type\":\"SearchAction\",\"target\":{\"@type\":\"EntryPoint\",\"urlTemplate\":\"https:\\\/\\\/www.segond-automobiles.com\\\/en\\\/?s={search_term_string}\"},\"query-input\":{\"@type\":\"PropertyValueSpecification\",\"valueRequired\":true,\"valueName\":\"search_term_string\"}}],\"inLanguage\":\"en-US\"},{\"@type\":\"Organization\",\"@id\":\"https:\\\/\\\/www.segond-automobiles.com\\\/en\\\/#organization\",\"name\":\"Segond Automobiles\",\"url\":\"https:\\\/\\\/www.segond-automobiles.com\\\/en\\\/\",\"logo\":{\"@type\":\"ImageObject\",\"inLanguage\":\"en-US\",\"@id\":\"https:\\\/\\\/www.segond-automobiles.com\\\/en\\\/#\\\/schema\\\/logo\\\/image\\\/\",\"url\":\"https:\\\/\\\/www.segond-automobiles.com\\\/wp-content\\\/uploads\\\/2020\\\/12\\\/logo_Segond.png\",\"contentUrl\":\"https:\\\/\\\/www.segond-automobiles.com\\\/wp-content\\\/uploads\\\/2020\\\/12\\\/logo_Segond.png\",\"width\":159,\"height\":79,\"caption\":\"Segond Automobiles\"},\"image\":{\"@id\":\"https:\\\/\\\/www.segond-automobiles.com\\\/en\\\/#\\\/schema\\\/logo\\\/image\\\/\"},\"sameAs\":[\"https:\\\/\\\/www.facebook.com\\\/groupesegondautomobiles\",\"https:\\\/\\\/www.instagram.com\\\/groupesegondautomobiles\\\/\",\"https:\\\/\\\/www.linkedin.com\\\/company\\\/groupe-segond-automobiles\\\/\",\"https:\\\/\\\/www.youtube.com\\\/channel\\\/UCmyIrWpILerz0P3Ev_75pOQ\\\/featured\"]}]}<\/script>\n<!-- \/ Yoast SEO plugin. -->","yoast_head_json":{"title":"Suzuki Ignis Hybrid : le SUV urbain \u00e9conomique, technologique et styl\u00e9","description":"D\u00e9couvrez la gamme Suzuki Ignis Hybrid chez votre concessionnaire Segond Automobiles : le crossover urbain passe en mode vert !","robots":{"index":"index","follow":"follow","max-snippet":"max-snippet:-1","max-image-preview":"max-image-preview:large","max-video-preview":"max-video-preview:-1"},"canonical":"https:\/\/www.segond-automobiles.com\/en\/suzuki\/across-hybrid\/","og_locale":"en_US","og_type":"article","og_title":"Suzuki Ignis Hybrid : le SUV urbain \u00e9conomique, technologique et styl\u00e9","og_description":"D\u00e9couvrez la gamme Suzuki Ignis Hybrid chez votre concessionnaire Segond Automobiles : le crossover urbain passe en mode vert !","og_url":"https:\/\/www.segond-automobiles.com\/en\/suzuki\/across-hybrid\/","og_site_name":"Segond Automobiles","article_publisher":"https:\/\/www.facebook.com\/groupesegondautomobiles","article_modified_time":"2021-04-15T16:51:29+00:00","og_image":[{"width":321,"height":120,"url":"https:\/\/www.segond-automobiles.com\/wp-content\/uploads\/2023\/05\/new-logo-segond-automobiles-blanc-rouge.png","type":"image\/png"}],"twitter_card":"summary_large_image","twitter_misc":{"Est. reading time":"2 minutes"},"schema":{"@context":"https:\/\/schema.org","@graph":[{"@type":"WebPage","@id":"https:\/\/www.segond-automobiles.com\/en\/suzuki\/across-hybrid\/","url":"https:\/\/www.segond-automobiles.com\/en\/suzuki\/across-hybrid\/","name":"Suzuki Ignis Hybrid : le SUV urbain \u00e9conomique, technologique et styl\u00e9","isPartOf":{"@id":"https:\/\/www.segond-automobiles.com\/en\/#website"},"datePublished":"2021-01-08T11:27:49+00:00","dateModified":"2021-04-15T16:51:29+00:00","description":"D\u00e9couvrez la gamme Suzuki Ignis Hybrid chez votre concessionnaire Segond Automobiles : le crossover urbain passe en mode vert !","breadcrumb":{"@id":"https:\/\/www.segond-automobiles.com\/en\/suzuki\/across-hybrid\/#breadcrumb"},"inLanguage":"en-US","potentialAction":[{"@type":"ReadAction","target":["https:\/\/www.segond-automobiles.com\/en\/suzuki\/across-hybrid\/"]}]},{"@type":"BreadcrumbList","@id":"https:\/\/www.segond-automobiles.com\/en\/suzuki\/across-hybrid\/#breadcrumb","itemListElement":[{"@type":"ListItem","position":1,"name":"Accueil","item":"https:\/\/www.segond-automobiles.com\/en\/"},{"@type":"ListItem","position":2,"name":"Suzuki","item":"https:\/\/www.segond-automobiles.com\/en\/suzuki\/"},{"@type":"ListItem","position":3,"name":"Across Hybrid"}]},{"@type":"WebSite","@id":"https:\/\/www.segond-automobiles.com\/en\/#website","url":"https:\/\/www.segond-automobiles.com\/en\/","name":"Segond Automobiles","description":"","publisher":{"@id":"https:\/\/www.segond-automobiles.com\/en\/#organization"},"potentialAction":[{"@type":"SearchAction","target":{"@type":"EntryPoint","urlTemplate":"https:\/\/www.segond-automobiles.com\/en\/?s={search_term_string}"},"query-input":{"@type":"PropertyValueSpecification","valueRequired":true,"valueName":"search_term_string"}}],"inLanguage":"en-US"},{"@type":"Organization","@id":"https:\/\/www.segond-automobiles.com\/en\/#organization","name":"Segond Automobiles","url":"https:\/\/www.segond-automobiles.com\/en\/","logo":{"@type":"ImageObject","inLanguage":"en-US","@id":"https:\/\/www.segond-automobiles.com\/en\/#\/schema\/logo\/image\/","url":"https:\/\/www.segond-automobiles.com\/wp-content\/uploads\/2020\/12\/logo_Segond.png","contentUrl":"https:\/\/www.segond-automobiles.com\/wp-content\/uploads\/2020\/12\/logo_Segond.png","width":159,"height":79,"caption":"Segond Automobiles"},"image":{"@id":"https:\/\/www.segond-automobiles.com\/en\/#\/schema\/logo\/image\/"},"sameAs":["https:\/\/www.facebook.com\/groupesegondautomobiles","https:\/\/www.instagram.com\/groupesegondautomobiles\/","https:\/\/www.linkedin.com\/company\/groupe-segond-automobiles\/","https:\/\/www.youtube.com\/channel\/UCmyIrWpILerz0P3Ev_75pOQ\/featured"]}]}},"_links":{"self":[{"href":"https:\/\/www.segond-automobiles.com\/en\/wp-json\/wp\/v2\/pages\/17248","targetHints":{"allow":["GET"]}}],"collection":[{"href":"https:\/\/www.segond-automobiles.com\/en\/wp-json\/wp\/v2\/pages"}],"about":[{"href":"https:\/\/www.segond-automobiles.com\/en\/wp-json\/wp\/v2\/types\/page"}],"author":[{"embeddable":true,"href":"https:\/\/www.segond-automobiles.com\/en\/wp-json\/wp\/v2\/users\/3"}],"replies":[{"embeddable":true,"href":"https:\/\/www.segond-automobiles.com\/en\/wp-json\/wp\/v2\/comments?post=17248"}],"version-history":[{"count":5,"href":"https:\/\/www.segond-automobiles.com\/en\/wp-json\/wp\/v2\/pages\/17248\/revisions"}],"predecessor-version":[{"id":21088,"href":"https:\/\/www.segond-automobiles.com\/en\/wp-json\/wp\/v2\/pages\/17248\/revisions\/21088"}],"up":[{"embeddable":true,"href":"https:\/\/www.segond-automobiles.com\/en\/wp-json\/wp\/v2\/pages\/11551"}],"wp:attachment":[{"href":"https:\/\/www.segond-automobiles.com\/en\/wp-json\/wp\/v2\/media?parent=17248"}],"curies":[{"name":"wp","href":"https:\/\/api.w.org\/{rel}","templated":true}]}}